{"id":515,"date":"2021-06-04T16:51:08","date_gmt":"2021-06-04T16:51:08","guid":{"rendered":"http:\/\/www.koinet.aegyptologie.uni-muenchen.de\/?page_id=515"},"modified":"2023-01-16T18:20:36","modified_gmt":"2023-01-16T18:20:36","slug":"lebensgeschichten","status":"publish","type":"page","link":"https:\/\/www.koinet.aegyptologie.uni-muenchen.de\/en\/lebensgeschichten\/","title":{"rendered":"Lebensgeschichten"},"content":{"rendered":"<div data-elementor-type=\"wp-page\" data-elementor-id=\"515\" class=\"elementor elementor-515\">\n\t\t\t\t\t\t<section class=\"elementor-section elementor-top-section elementor-element elementor-element-16016cd elementor-section-boxed elementor-section-height-default elementor-section-height-default\" data-id=\"16016cd\" data-element_type=\"section\" data-e-type=\"section\">\n\t\t\t\t\t\t<div class=\"elementor-container elementor-column-gap-default\">\n\t\t\t\t\t<div class=\"elementor-column elementor-col-100 elementor-top-column elementor-element elementor-element-6a2499d\" data-id=\"6a2499d\" data-element_type=\"column\" data-e-type=\"column\">\n\t\t\t<div class=\"elementor-widget-wrap elementor-element-populated\">\n\t\t\t\t\t\t<div class=\"elementor-element elementor-element-81c1b0f elementor-widget elementor-widget-heading\" data-id=\"81c1b0f\" data-element_type=\"widget\" data-e-type=\"widget\" data-widget_type=\"heading.default\">\n\t\t\t\t<div class=\"elementor-widget-container\">\n\t\t\t\t\t<h1 class=\"elementor-heading-title elementor-size-xxl\">Lebensgeschichten <\/h1>\t\t\t\t<\/div>\n\t\t\t\t<\/div>\n\t\t\t\t\t<\/div>\n\t\t<\/div>\n\t\t\t\t\t<\/div>\n\t\t<\/section>\n\t\t\t\t<section class=\"elementor-section elementor-top-section elementor-element elementor-element-5e770692 elementor-section-boxed elementor-section-height-default elementor-section-height-default\" data-id=\"5e770692\" data-element_type=\"section\" data-e-type=\"section\">\n\t\t\t\t\t\t<div class=\"elementor-container elementor-column-gap-default\">\n\t\t\t\t\t<div class=\"elementor-column elementor-col-100 elementor-top-column elementor-element elementor-element-454a08ba\" data-id=\"454a08ba\" data-element_type=\"column\" data-e-type=\"column\">\n\t\t\t<div class=\"elementor-widget-wrap elementor-element-populated\">\n\t\t\t\t\t\t<div class=\"elementor-element elementor-element-4828e84a elementor-widget elementor-widget-text-editor\" data-id=\"4828e84a\" data-element_type=\"widget\" data-e-type=\"widget\" data-widget_type=\"text-editor.default\">\n\t\t\t\t<div class=\"elementor-widget-container\">\n\t\t\t\t\t\t\t\t\t<h3><\/h3>\n<h1 style=\"text-align: center;\">Eine Online-Ausstellung<\/h1>\n<p style=\"text-align: center;\">zum Kindsein in Peru und Deutschland aus kindzentrierter Perspektive<\/p>\n<p><em style=\"font-variant-ligatures: normal; font-variant-caps: normal; font-family: Roboto, sans-serif; font-size: 14px; font-weight: 400; text-align: center;\"><span style=\"font-size: 10px; color: #808080;\">Text dieser Seite:<\/span><\/em><br style=\"text-align: right;\" \/><em style=\"font-variant-ligatures: normal; font-variant-caps: normal; font-family: Roboto, sans-serif; font-size: 10px; font-weight: 400; text-align: right;\"><span style=\"font-size: 10px; color: #808080;\">verfasst von Patrizia Heindl<\/span><\/em><\/p>\t\t\t\t\t\t\t\t<\/div>\n\t\t\t\t<\/div>\n\t\t\t\t\t<\/div>\n\t\t<\/div>\n\t\t\t\t\t<\/div>\n\t\t<\/section>\n\t\t\t\t<section class=\"elementor-section elementor-top-section elementor-element elementor-element-1aed93c elementor-section-boxed elementor-section-height-default elementor-section-height-default\" data-id=\"1aed93c\" data-element_type=\"section\" data-e-type=\"section\">\n\t\t\t\t\t\t<div class=\"elementor-container elementor-column-gap-default\">\n\t\t\t\t\t<div class=\"elementor-column elementor-col-100 elementor-top-column elementor-element elementor-element-dcf8e27\" data-id=\"dcf8e27\" data-element_type=\"column\" data-e-type=\"column\">\n\t\t\t<div class=\"elementor-widget-wrap elementor-element-populated\">\n\t\t\t\t\t\t<div class=\"elementor-element elementor-element-a2a1e83 elementor-widget elementor-widget-text-editor\" data-id=\"a2a1e83\" data-element_type=\"widget\" data-e-type=\"widget\" data-widget_type=\"text-editor.default\">\n\t\t\t\t<div class=\"elementor-widget-container\">\n\t\t\t\t\t\t\t\t\t<p>Im Zuge der Masterarbeit von Annett Hofmann (FU Berlin) zu Kinderzeichnungen in Peru entstand die Idee einer Online-Ausstellung, die nun als interdisziplin\u00e4res Projekt von KOINet durchgef\u00fchrt werden konnte und Forschung mit Freude verbindet. Die Welt durch die Augen von Kindern zu erblicken, er\u00f6ffnet neue Horizonte, die nicht nur in der ethnologischen, soziologischen und kindheitsanthropologischen Forschung von Belang sind, sondern auch Ihren Alltag und den Alltag Ihrer Kinder bereichern k\u00f6nnen.<\/p>\n<p>Kommen Sie mit uns auf eine Reise nach Peru, ins Deutschland der 90er-Jahre und in Kinderk\u00f6pfe aus aller Welt und erfreuen Sie sich an vielf\u00e4ltigen Eindr\u00fccken und Erinnerungen!<\/p>\t\t\t\t\t\t\t\t<\/div>\n\t\t\t\t<\/div>\n\t\t\t\t\t<\/div>\n\t\t<\/div>\n\t\t\t\t\t<\/div>\n\t\t<\/section>\n\t\t\t\t<section class=\"elementor-section elementor-top-section elementor-element elementor-element-c74d281 elementor-section-boxed elementor-section-height-default elementor-section-height-default\" data-id=\"c74d281\" data-element_type=\"section\" data-e-type=\"section\">\n\t\t\t\t\t\t<div class=\"elementor-container elementor-column-gap-default\">\n\t\t\t\t\t<div class=\"elementor-column elementor-col-100 elementor-top-column elementor-element elementor-element-8d60bb2\" data-id=\"8d60bb2\" data-element_type=\"column\" data-e-type=\"column\">\n\t\t\t<div class=\"elementor-widget-wrap elementor-element-populated\">\n\t\t\t\t\t\t<div class=\"elementor-element elementor-element-8265e85 elementor-hidden-desktop elementor-hidden-tablet elementor-hidden-mobile elementor-widget elementor-widget-text-editor\" data-id=\"8265e85\" data-element_type=\"widget\" data-e-type=\"widget\" data-widget_type=\"text-editor.default\">\n\t\t\t\t<div class=\"elementor-widget-container\">\n\t\t\t\t\t\t\t\t\t<h4><b>N\u00e4chstes virtuelles Event zur Online-Ausstellung:&nbsp;<\/b><\/h4><p>Sonntag, 15. Januar 2023<\/p><p>15:30 &#8211; 16:30 Uhr<\/p><p>Im Anschluss Gelegenheit zur Vernetzung<\/p>\t\t\t\t\t\t\t\t<\/div>\n\t\t\t\t<\/div>\n\t\t\t\t\t<\/div>\n\t\t<\/div>\n\t\t\t\t\t<\/div>\n\t\t<\/section>\n\t\t\t\t<section class=\"elementor-section elementor-top-section elementor-element elementor-element-23f5282 elementor-hidden-desktop elementor-hidden-tablet elementor-hidden-mobile elementor-section-boxed elementor-section-height-default elementor-section-height-default\" data-id=\"23f5282\" data-element_type=\"section\" data-e-type=\"section\">\n\t\t\t\t\t\t<div class=\"elementor-container elementor-column-gap-default\">\n\t\t\t\t\t<div class=\"elementor-column elementor-col-100 elementor-top-column elementor-element elementor-element-156d7f8\" data-id=\"156d7f8\" data-element_type=\"column\" data-e-type=\"column\">\n\t\t\t<div class=\"elementor-widget-wrap elementor-element-populated\">\n\t\t\t\t\t\t<div class=\"elementor-element elementor-element-5a9102f elementor-widget elementor-widget-text-editor\" data-id=\"5a9102f\" data-element_type=\"widget\" data-e-type=\"widget\" data-widget_type=\"text-editor.default\">\n\t\t\t\t<div class=\"elementor-widget-container\">\n\t\t\t\t\t\t\t\t\t<h4>N\u00e4chster gemeinsamer Rundgang durch die Online-Ausstellung in Kooperation mit&nbsp;<a href=\"https:\/\/www.aprender-ev.org\/\" target=\"_blank\">APRENDER e.V.<\/a>:<\/h4>\n<p>Montag, 07. November 2022:<\/p>\n<p>19:00 &#8211; 20:00 Uhr&nbsp;<\/p>\n<p>Im Anschluss Gelegenheit zur Vernetzung.<\/p>\n<p>Zugang \u00fcber:<\/p>\n<p><span style=\"font-size: 14px; color: var( --e-global-color-text );\">Meeting-ID: 828 3864 6595<\/span><br><\/p>\n<p>Kenncode: 407778<\/p>\t\t\t\t\t\t\t\t<\/div>\n\t\t\t\t<\/div>\n\t\t\t\t\t<\/div>\n\t\t<\/div>\n\t\t\t\t\t<\/div>\n\t\t<\/section>\n\t\t\t\t<section class=\"elementor-section elementor-top-section elementor-element elementor-element-1ad788e elementor-section-boxed elementor-section-height-default elementor-section-height-default\" data-id=\"1ad788e\" data-element_type=\"section\" data-e-type=\"section\">\n\t\t\t\t\t\t<div class=\"elementor-container elementor-column-gap-default\">\n\t\t\t\t\t<div class=\"elementor-column elementor-col-100 elementor-top-column elementor-element elementor-element-3382485\" data-id=\"3382485\" data-element_type=\"column\" data-e-type=\"column\">\n\t\t\t<div class=\"elementor-widget-wrap elementor-element-populated\">\n\t\t\t\t\t\t<div class=\"elementor-element elementor-element-c01d2c3 elementor-widget elementor-widget-text-editor\" data-id=\"c01d2c3\" data-element_type=\"widget\" data-e-type=\"widget\" data-widget_type=\"text-editor.default\">\n\t\t\t\t<div class=\"elementor-widget-container\">\n\t\t\t\t\t\t\t\t\t<p><span style=\"font-family: Roboto, sans-serif; font-size: 14px; font-style: normal; font-variant-ligatures: normal; font-variant-caps: normal; font-weight: 400;\">Ein Klick auf das unten stehende Bild er\u00f6ffnet Ihnen direkt den Weg in die 8 R\u00e4ume der Ausstellung.<\/span><br><\/p>\t\t\t\t\t\t\t\t<\/div>\n\t\t\t\t<\/div>\n\t\t\t\t\t<\/div>\n\t\t<\/div>\n\t\t\t\t\t<\/div>\n\t\t<\/section>\n\t\t\t\t<section class=\"elementor-section elementor-top-section elementor-element elementor-element-b06fce5 elementor-section-boxed elementor-section-height-default elementor-section-height-default\" data-id=\"b06fce5\" data-element_type=\"section\" data-e-type=\"section\">\n\t\t\t\t\t\t<div class=\"elementor-container elementor-column-gap-default\">\n\t\t\t\t\t<div class=\"elementor-column elementor-col-100 elementor-top-column elementor-element elementor-element-f911e54\" data-id=\"f911e54\" data-element_type=\"column\" data-e-type=\"column\">\n\t\t\t<div class=\"elementor-widget-wrap elementor-element-populated\">\n\t\t\t\t\t\t<div class=\"elementor-element elementor-element-8efc014 elementor-widget elementor-widget-image\" data-id=\"8efc014\" data-element_type=\"widget\" data-e-type=\"widget\" data-widget_type=\"image.default\">\n\t\t\t\t<div class=\"elementor-widget-container\">\n\t\t\t\t\t\t\t\t\t\t\t\t\t\t\t\t<a href=\"https:\/\/www.koinet.aegyptologie.uni-muenchen.de\/en\/r1_willkommen\/\">\n\t\t\t\t\t\t\t<img fetchpriority=\"high\" decoding=\"async\" width=\"1024\" height=\"587\" src=\"https:\/\/www.koinet.aegyptologie.uni-muenchen.de\/wp-content\/uploads\/2021\/12\/R3-03-1024x587.jpg\" class=\"attachment-large size-large wp-image-1244\" alt=\"Emische Erfahrungswelt von Kindern, Akteurszentrierte Anthropologie\" srcset=\"https:\/\/www.koinet.aegyptologie.uni-muenchen.de\/wp-content\/uploads\/2021\/12\/R3-03-1024x587.jpg 1024w, https:\/\/www.koinet.aegyptologie.uni-muenchen.de\/wp-content\/uploads\/2021\/12\/R3-03-300x172.jpg 300w, https:\/\/www.koinet.aegyptologie.uni-muenchen.de\/wp-content\/uploads\/2021\/12\/R3-03-768x441.jpg 768w, https:\/\/www.koinet.aegyptologie.uni-muenchen.de\/wp-content\/uploads\/2021\/12\/R3-03.jpg 1189w\" sizes=\"(max-width: 1024px) 100vw, 1024px\" \/>\t\t\t\t\t\t\t\t<\/a>\n\t\t\t\t\t\t\t\t\t\t\t\t\t\t\t<\/div>\n\t\t\t\t<\/div>\n\t\t\t\t\t<\/div>\n\t\t<\/div>\n\t\t\t\t\t<\/div>\n\t\t<\/section>\n\t\t\t\t<section class=\"elementor-section elementor-top-section elementor-element elementor-element-decd5cb elementor-section-boxed elementor-section-height-default elementor-section-height-default\" data-id=\"decd5cb\" data-element_type=\"section\" data-e-type=\"section\">\n\t\t\t\t\t\t<div class=\"elementor-container elementor-column-gap-default\">\n\t\t\t\t\t<div class=\"elementor-column elementor-col-100 elementor-top-column elementor-element elementor-element-0ffa840\" data-id=\"0ffa840\" data-element_type=\"column\" data-e-type=\"column\">\n\t\t\t<div class=\"elementor-widget-wrap elementor-element-populated\">\n\t\t\t\t\t\t<div class=\"elementor-element elementor-element-f0ba6a7 elementor-widget elementor-widget-spacer\" data-id=\"f0ba6a7\" data-element_type=\"widget\" data-e-type=\"widget\" data-widget_type=\"spacer.default\">\n\t\t\t\t<div class=\"elementor-widget-container\">\n\t\t\t\t\t\t\t<div class=\"elementor-spacer\">\n\t\t\t<div class=\"elementor-spacer-inner\"><\/div>\n\t\t<\/div>\n\t\t\t\t\t\t<\/div>\n\t\t\t\t<\/div>\n\t\t\t\t\t<\/div>\n\t\t<\/div>\n\t\t\t\t\t<\/div>\n\t\t<\/section>\n\t\t\t\t<\/div>","protected":false},"excerpt":{"rendered":"<p>Lebensgeschichten Eine Online-Ausstellung zum Kindsein in Peru und Deutschland aus kindzentrierter Perspektive Text dieser Seite:verfasst von Patrizia Heindl Im Zuge der Masterarbeit von Annett Hofmann (FU Berlin) zu Kinderzeichnungen in Peru entstand die Idee einer Online-Ausstellung, die nun als interdisziplin\u00e4res Projekt von KOINet durchgef\u00fchrt werden konnte und Forschung mit Freude verbindet. Die Welt durch die [&hellip;]<\/p>","protected":false},"author":2,"featured_media":0,"parent":0,"menu_order":0,"comment_status":"closed","ping_status":"closed","template":"","meta":{"_eb_attr":"","ocean_post_layout":"","ocean_both_sidebars_style":"","ocean_both_sidebars_content_width":0,"ocean_both_sidebars_sidebars_width":0,"ocean_sidebar":"0","ocean_second_sidebar":"0","ocean_disable_margins":"enable","ocean_add_body_class":"","ocean_shortcode_before_top_bar":"","ocean_shortcode_after_top_bar":"","ocean_shortcode_before_header":"","ocean_shortcode_after_header":"","ocean_has_shortcode":"","ocean_shortcode_after_title":"","ocean_shortcode_before_footer_widgets":"","ocean_shortcode_after_footer_widgets":"","ocean_shortcode_before_footer_bottom":"","ocean_shortcode_after_footer_bottom":"","ocean_display_top_bar":"default","ocean_display_header":"default","ocean_header_style":"","ocean_center_header_left_menu":"0","ocean_custom_header_template":"0","ocean_custom_logo":0,"ocean_custom_retina_logo":0,"ocean_custom_logo_max_width":0,"ocean_custom_logo_tablet_max_width":0,"ocean_custom_logo_mobile_max_width":0,"ocean_custom_logo_max_height":0,"ocean_custom_logo_tablet_max_height":0,"ocean_custom_logo_mobile_max_height":0,"ocean_header_custom_menu":"0","ocean_menu_typo_font_family":"0","ocean_menu_typo_font_subset":"","ocean_menu_typo_font_size":0,"ocean_menu_typo_font_size_tablet":0,"ocean_menu_typo_font_size_mobile":0,"ocean_menu_typo_font_size_unit":"px","ocean_menu_typo_font_weight":"","ocean_menu_typo_font_weight_tablet":"","ocean_menu_typo_font_weight_mobile":"","ocean_menu_typo_transform":"","ocean_menu_typo_transform_tablet":"","ocean_menu_typo_transform_mobile":"","ocean_menu_typo_line_height":0,"ocean_menu_typo_line_height_tablet":0,"ocean_menu_typo_line_height_mobile":0,"ocean_menu_typo_line_height_unit":"","ocean_menu_typo_spacing":0,"ocean_menu_typo_spacing_tablet":0,"ocean_menu_typo_spacing_mobile":0,"ocean_menu_typo_spacing_unit":"","ocean_menu_link_color":"","ocean_menu_link_color_hover":"","ocean_menu_link_color_active":"","ocean_menu_link_background":"","ocean_menu_link_hover_background":"","ocean_menu_link_active_background":"","ocean_menu_social_links_bg":"","ocean_menu_social_hover_links_bg":"","ocean_menu_social_links_color":"","ocean_menu_social_hover_links_color":"","ocean_disable_title":"default","ocean_disable_heading":"default","ocean_post_title":"","ocean_post_subheading":"","ocean_post_title_style":"","ocean_post_title_background_color":"","ocean_post_title_background":0,"ocean_post_title_bg_image_position":"","ocean_post_title_bg_image_attachment":"","ocean_post_title_bg_image_repeat":"","ocean_post_title_bg_image_size":"","ocean_post_title_height":0,"ocean_post_title_bg_overlay":0.5,"ocean_post_title_bg_overlay_color":"","ocean_disable_breadcrumbs":"default","ocean_breadcrumbs_color":"","ocean_breadcrumbs_separator_color":"","ocean_breadcrumbs_links_color":"","ocean_breadcrumbs_links_hover_color":"","ocean_display_footer_widgets":"default","ocean_display_footer_bottom":"default","ocean_custom_footer_template":"0","footnotes":""},"class_list":["post-515","page","type-page","status-publish","hentry","entry"],"_links":{"self":[{"href":"https:\/\/www.koinet.aegyptologie.uni-muenchen.de\/en\/wp-json\/wp\/v2\/pages\/515","targetHints":{"allow":["GET"]}}],"collection":[{"href":"https:\/\/www.koinet.aegyptologie.uni-muenchen.de\/en\/wp-json\/wp\/v2\/pages"}],"about":[{"href":"https:\/\/www.koinet.aegyptologie.uni-muenchen.de\/en\/wp-json\/wp\/v2\/types\/page"}],"author":[{"embeddable":true,"href":"https:\/\/www.koinet.aegyptologie.uni-muenchen.de\/en\/wp-json\/wp\/v2\/users\/2"}],"replies":[{"embeddable":true,"href":"https:\/\/www.koinet.aegyptologie.uni-muenchen.de\/en\/wp-json\/wp\/v2\/comments?post=515"}],"version-history":[{"count":106,"href":"https:\/\/www.koinet.aegyptologie.uni-muenchen.de\/en\/wp-json\/wp\/v2\/pages\/515\/revisions"}],"predecessor-version":[{"id":3857,"href":"https:\/\/www.koinet.aegyptologie.uni-muenchen.de\/en\/wp-json\/wp\/v2\/pages\/515\/revisions\/3857"}],"wp:attachment":[{"href":"https:\/\/www.koinet.aegyptologie.uni-muenchen.de\/en\/wp-json\/wp\/v2\/media?parent=515"}],"curies":[{"name":"wp","href":"https:\/\/api.w.org\/{rel}","templated":true}]}}