{"id":4235,"date":"2023-08-04T06:42:49","date_gmt":"2023-08-04T06:42:49","guid":{"rendered":"https:\/\/www.koinet.aegyptologie.uni-muenchen.de\/?page_id=4235"},"modified":"2023-10-15T15:27:06","modified_gmt":"2023-10-15T15:27:06","slug":"the-reception-of-ancient-egypt","status":"publish","type":"page","link":"https:\/\/www.koinet.aegyptologie.uni-muenchen.de\/en\/the-reception-of-ancient-egypt\/","title":{"rendered":"1 The Reception of Ancient Egypt"},"content":{"rendered":"<div data-elementor-type=\"wp-page\" data-elementor-id=\"4235\" class=\"elementor elementor-4235\">\n\t\t\t\t\t\t<section class=\"elementor-section elementor-top-section elementor-element elementor-element-c6f0042 elementor-section-boxed elementor-section-height-default elementor-section-height-default\" data-id=\"c6f0042\" data-element_type=\"section\" data-e-type=\"section\">\n\t\t\t\t\t\t<div class=\"elementor-container elementor-column-gap-default\">\n\t\t\t\t\t<div class=\"elementor-column elementor-col-100 elementor-top-column elementor-element elementor-element-9595c5a\" data-id=\"9595c5a\" data-element_type=\"column\" data-e-type=\"column\">\n\t\t\t<div class=\"elementor-widget-wrap elementor-element-populated\">\n\t\t\t\t\t\t<div class=\"elementor-element elementor-element-40b2771 elementor-widget elementor-widget-image\" data-id=\"40b2771\" data-element_type=\"widget\" data-e-type=\"widget\" data-widget_type=\"image.default\">\n\t\t\t\t<div class=\"elementor-widget-container\">\n\t\t\t\t\t\t\t\t\t\t\t\t\t\t\t<img fetchpriority=\"high\" decoding=\"async\" width=\"1024\" height=\"212\" src=\"https:\/\/www.koinet.aegyptologie.uni-muenchen.de\/wp-content\/uploads\/2023\/08\/Pyramids-1024x212.jpg\" class=\"attachment-large size-large wp-image-4264\" alt=\"\" srcset=\"https:\/\/www.koinet.aegyptologie.uni-muenchen.de\/wp-content\/uploads\/2023\/08\/Pyramids-1024x212.jpg 1024w, https:\/\/www.koinet.aegyptologie.uni-muenchen.de\/wp-content\/uploads\/2023\/08\/Pyramids-300x62.jpg 300w, https:\/\/www.koinet.aegyptologie.uni-muenchen.de\/wp-content\/uploads\/2023\/08\/Pyramids-768x159.jpg 768w, https:\/\/www.koinet.aegyptologie.uni-muenchen.de\/wp-content\/uploads\/2023\/08\/Pyramids-1536x319.jpg 1536w, https:\/\/www.koinet.aegyptologie.uni-muenchen.de\/wp-content\/uploads\/2023\/08\/Pyramids-2048x425.jpg 2048w, https:\/\/www.koinet.aegyptologie.uni-muenchen.de\/wp-content\/uploads\/2023\/08\/Pyramids-18x4.jpg 18w\" sizes=\"(max-width: 1024px) 100vw, 1024px\" \/>\t\t\t\t\t\t\t\t\t\t\t\t\t\t\t<\/div>\n\t\t\t\t<\/div>\n\t\t\t\t\t<\/div>\n\t\t<\/div>\n\t\t\t\t\t<\/div>\n\t\t<\/section>\n\t\t\t\t<section class=\"elementor-section elementor-top-section elementor-element elementor-element-48c3d283 elementor-section-content-middle elementor-section-boxed elementor-section-height-default elementor-section-height-default\" data-id=\"48c3d283\" data-element_type=\"section\" data-e-type=\"section\">\n\t\t\t\t\t\t\t<div class=\"elementor-background-overlay\"><\/div>\n\t\t\t\t\t\t\t<div class=\"elementor-container elementor-column-gap-no\">\n\t\t\t\t\t<div class=\"elementor-column elementor-col-100 elementor-top-column elementor-element elementor-element-49075805\" data-id=\"49075805\" data-element_type=\"column\" data-e-type=\"column\">\n\t\t\t<div class=\"elementor-widget-wrap elementor-element-populated\">\n\t\t\t\t\t\t<div class=\"elementor-element elementor-element-69137e90 elementor-view-default elementor-position-block-start elementor-mobile-position-block-start elementor-widget elementor-widget-icon-box\" data-id=\"69137e90\" data-element_type=\"widget\" data-e-type=\"widget\" data-widget_type=\"icon-box.default\">\n\t\t\t\t<div class=\"elementor-widget-container\">\n\t\t\t\t\t\t\t<div class=\"elementor-icon-box-wrapper\">\n\n\t\t\t\t\t\t<div class=\"elementor-icon-box-icon\">\n\t\t\t\t<span  class=\"elementor-icon\">\n\t\t\t\t<i aria-hidden=\"true\" class=\"fas fa-ankh\"><\/i>\t\t\t\t<\/span>\n\t\t\t<\/div>\n\t\t\t\n\t\t\t\t\t\t<div class=\"elementor-icon-box-content\">\n\n\t\t\t\t\t\t\t\t\t<h4 class=\"elementor-icon-box-title\">\n\t\t\t\t\t\t<span  >\n\t\t\t\t\t\t\tThe Reception of Ancient Egypt\t\t\t\t\t\t<\/span>\n\t\t\t\t\t<\/h4>\n\t\t\t\t\n\t\t\t\t\t\t\t\t\t<p class=\"elementor-icon-box-description\">\n\t\t\t\t\t\tAn Online Exibition\t\t\t\t\t<\/p>\n\t\t\t\t\n\t\t\t<\/div>\n\t\t\t\n\t\t<\/div>\n\t\t\t\t\t\t<\/div>\n\t\t\t\t<\/div>\n\t\t\t\t\t<\/div>\n\t\t<\/div>\n\t\t\t\t\t<\/div>\n\t\t<\/section>\n\t\t\t\t<section class=\"elementor-section elementor-top-section elementor-element elementor-element-77461a3 elementor-section-boxed elementor-section-height-default elementor-section-height-default\" data-id=\"77461a3\" data-element_type=\"section\" data-e-type=\"section\">\n\t\t\t\t\t\t<div class=\"elementor-container elementor-column-gap-default\">\n\t\t\t\t\t<div class=\"elementor-column elementor-col-100 elementor-top-column elementor-element elementor-element-897e393\" data-id=\"897e393\" data-element_type=\"column\" data-e-type=\"column\">\n\t\t\t<div class=\"elementor-widget-wrap elementor-element-populated\">\n\t\t\t\t\t\t<div class=\"elementor-element elementor-element-085a2c2 elementor-widget elementor-widget-text-editor\" data-id=\"085a2c2\" data-element_type=\"widget\" data-e-type=\"widget\" data-widget_type=\"text-editor.default\">\n\t\t\t\t<div class=\"elementor-widget-container\">\n\t\t\t\t\t\t\t\t\t<h2><b>+++&nbsp; Vernissage wird bekanntgegeben +++<\/b><\/h2>\t\t\t\t\t\t\t\t<\/div>\n\t\t\t\t<\/div>\n\t\t\t\t\t<\/div>\n\t\t<\/div>\n\t\t\t\t\t<\/div>\n\t\t<\/section>\n\t\t\t\t<section class=\"elementor-section elementor-top-section elementor-element elementor-element-7ae4713 elementor-section-full_width elementor-section-height-min-height elementor-section-content-space-evenly elementor-section-stretched elementor-section-height-default elementor-section-items-middle\" data-id=\"7ae4713\" data-element_type=\"section\" data-e-type=\"section\" data-settings=\"{&quot;stretch_section&quot;:&quot;section-stretched&quot;,&quot;background_background&quot;:&quot;slideshow&quot;,&quot;background_slideshow_gallery&quot;:[{&quot;id&quot;:3813,&quot;url&quot;:&quot;https:\\\/\\\/www.koinet.aegyptologie.uni-muenchen.de\\\/wp-content\\\/uploads\\\/2023\\\/01\\\/1280px-Cimetiere_anglais_de_Rome.jpg&quot;},{&quot;id&quot;:3511,&quot;url&quot;:&quot;https:\\\/\\\/www.koinet.aegyptologie.uni-muenchen.de\\\/wp-content\\\/uploads\\\/2022\\\/11\\\/Die-Welt-Herodots.jpg&quot;},{&quot;id&quot;:3101,&quot;url&quot;:&quot;https:\\\/\\\/www.koinet.aegyptologie.uni-muenchen.de\\\/wp-content\\\/uploads\\\/2022\\\/11\\\/Elephant_and_Obelisk_-_Bernini.jpg&quot;},{&quot;id&quot;:2949,&quot;url&quot;:&quot;https:\\\/\\\/www.koinet.aegyptologie.uni-muenchen.de\\\/wp-content\\\/uploads\\\/2022\\\/11\\\/ivet-jordanova-dlc-cin-21.jpg&quot;},{&quot;id&quot;:2448,&quot;url&quot;:&quot;https:\\\/\\\/www.koinet.aegyptologie.uni-muenchen.de\\\/wp-content\\\/uploads\\\/2022\\\/09\\\/Powerslave.jpg&quot;},{&quot;id&quot;:2366,&quot;url&quot;:&quot;https:\\\/\\\/www.koinet.aegyptologie.uni-muenchen.de\\\/wp-content\\\/uploads\\\/2022\\\/09\\\/272946582_3206567282965506_5163412193673886605_n.jpg&quot;},{&quot;id&quot;:2911,&quot;url&quot;:&quot;https:\\\/\\\/www.koinet.aegyptologie.uni-muenchen.de\\\/wp-content\\\/uploads\\\/2022\\\/11\\\/ac_media_screen-pyramids_ncsa.jpg&quot;}],&quot;background_slideshow_loop&quot;:&quot;yes&quot;,&quot;background_slideshow_slide_duration&quot;:5000,&quot;background_slideshow_slide_transition&quot;:&quot;fade&quot;,&quot;background_slideshow_transition_duration&quot;:500}\">\n\t\t\t\t\t\t<div class=\"elementor-container elementor-column-gap-default\">\n\t\t\t\t\t<div class=\"elementor-column elementor-col-100 elementor-top-column elementor-element elementor-element-b560b10\" data-id=\"b560b10\" data-element_type=\"column\" data-e-type=\"column\">\n\t\t\t<div class=\"elementor-widget-wrap\">\n\t\t\t\t\t\t\t<\/div>\n\t\t<\/div>\n\t\t\t\t\t<\/div>\n\t\t<\/section>\n\t\t\t\t<section class=\"elementor-section elementor-top-section elementor-element elementor-element-8263e5a elementor-section-boxed elementor-section-height-default elementor-section-height-default\" data-id=\"8263e5a\" data-element_type=\"section\" data-e-type=\"section\">\n\t\t\t\t\t\t<div class=\"elementor-container elementor-column-gap-default\">\n\t\t\t\t\t<div class=\"elementor-column elementor-col-100 elementor-top-column elementor-element elementor-element-11b57b3\" data-id=\"11b57b3\" data-element_type=\"column\" data-e-type=\"column\">\n\t\t\t<div class=\"elementor-widget-wrap elementor-element-populated\">\n\t\t\t\t\t\t<div class=\"elementor-element elementor-element-393d720 elementor-widget elementor-widget-text-editor\" data-id=\"393d720\" data-element_type=\"widget\" data-e-type=\"widget\" data-widget_type=\"text-editor.default\">\n\t\t\t\t<div class=\"elementor-widget-container\">\n\t\t\t\t\t\t\t\t\t<p>\u00c4gypten &#8211; Faszination &#8211; Magie &#8211; Abendteuer &#8211; Sch\u00e4tze &#8211; Erotik. Assoziationen, die mit dem Alten \u00c4gypten verbunden werden, sind vielf\u00e4ltig. Aber woher kommen sie? Wie werden sie genutzt? Die Ausstellung &#8222;Reception of Ancient Egypt&#8220; gibt einen Einblick in die Vielf\u00e4ltige Welt der \u00c4gyptenrezeption.<\/p><p>Alt\u00e4gypten fasziniert Menschen seit jeher und zieht sie in einen Bann. \u00dcber Jahrtausende wurde das alte \u00c4gypten auf verschiedene Weise rezipiert. Geschichten \u00fcber \u00c4gypten wurden zu weiteren Geschichten, Bilder wurden verbreitet und entwickelten ein Eigenleben. Ein lebendiger &#8222;Mythos&#8220; entstand, der kaum mit der Rezeption anderer Kulturen vergleichbar ist. Wir begegnen diesem &#8222;Mythos&#8220; in unserem Alltag in der Popkultur, in der Kunst, in der Musik, in Spielen aber auch in der Werbung auf mannigfaltige Weise mit einer \u00fcberaus reichhaltigen F\u00fclle an Rezeptionsangeboten und kreativer Umsetzung.<\/p><p>Indiana Jones oder Mumienfilme, Plattencover von ber\u00fchmten Bands, wie Iron Maiden oder Pink Floyd, Computerspiele, wie Tomb Raider oder Assassin\u2018s Creed oder Bildwerke von ber\u00fchmten K\u00fcnstlern, wie Pablo Picasso oder Paul Klee sind nur wenige Beispiele f\u00fcr diese Vielfalt.<\/p><p>Mindestens genauso spannend, wie der kreative Umgang mit dem Alten \u00c4gypten, ist es, die Spuren der Rezeption zu verfolgen. Die Forschung zur Rezeption des Alten \u00c4gypten kann die Rezeptionszeugnisse offenlegen und deren Formen sichtbar machen, die affirmativ oder kritisch, aus Begriffen oder Denkfiguren, einem Bild oder einem Zeichen, ein Assoziationszusammenhang oder gar einer Pathosformel bestehen k\u00f6nnen.<\/p><p>&#8222;The Reception of Ancient Egypt&#8220; ist eine Online-Ausstellung von Studierenden der \u00c4gyptologie und klassischen Arch\u00e4ologie an der LMU M\u00fcnchen konzipiert und umgesetzt wurde. Sie richtet sich an Studierende der \u00c4gyptologie aber auch an Interessierte. Kommen Sie mit auf eine spannende Reise und entdecken Sie die Vielfalt der Rezeption des Alten \u00c4gypten und einen kleinen Einblick in die Forschung der \u00c4gyptenrezeption!<\/p><p>Herzlichen Dank an <strong>Laura Zinn<\/strong> und <strong>Ahmed Elmaklizi<\/strong> f\u00fcr die Erstellung der Inhalte und herzlichen Dank an das Koinet-Team f\u00fcr die technische Unterst\u00fctzung. Und vielen Dank an alle f\u00fcr dieses sch\u00f6ne Projekt und die Freude bei der Zusammenarbeit!<\/p><p>Patrizia Heindl, 2023.<\/p>\t\t\t\t\t\t\t\t<\/div>\n\t\t\t\t<\/div>\n\t\t\t\t\t<\/div>\n\t\t<\/div>\n\t\t\t\t\t<\/div>\n\t\t<\/section>\n\t\t\t\t<\/div>","protected":false},"excerpt":{"rendered":"<p>The Reception of Ancient Egypt An Online Exibition +++&nbsp; Vernissage wird bekanntgegeben +++ \u00c4gypten &#8211; Faszination &#8211; Magie &#8211; Abendteuer &#8211; Sch\u00e4tze &#8211; Erotik. Assoziationen, die mit dem Alten \u00c4gypten verbunden werden, sind vielf\u00e4ltig. Aber woher kommen sie? Wie werden sie genutzt? Die Ausstellung &#8222;Reception of Ancient Egypt&#8220; gibt einen Einblick in die Vielf\u00e4ltige Welt [&hellip;]<\/p>","protected":false},"author":2,"featured_media":0,"parent":0,"menu_order":0,"comment_status":"closed","ping_status":"closed","template":"essential-blocks-fullwidth-template.php","meta":{"_eb_attr":"","ocean_post_layout":"","ocean_both_sidebars_style":"","ocean_both_sidebars_content_width":0,"ocean_both_sidebars_sidebars_width":0,"ocean_sidebar":"0","ocean_second_sidebar":"0","ocean_disable_margins":"enable","ocean_add_body_class":"","ocean_shortcode_before_top_bar":"","ocean_shortcode_after_top_bar":"","ocean_shortcode_before_header":"","ocean_shortcode_after_header":"","ocean_has_shortcode":"","ocean_shortcode_after_title":"","ocean_shortcode_before_footer_widgets":"","ocean_shortcode_after_footer_widgets":"","ocean_shortcode_before_footer_bottom":"","ocean_shortcode_after_footer_bottom":"","ocean_display_top_bar":"default","ocean_display_header":"default","ocean_header_style":"","ocean_center_header_left_menu":"0","ocean_custom_header_template":"0","ocean_custom_logo":0,"ocean_custom_retina_logo":0,"ocean_custom_logo_max_width":0,"ocean_custom_logo_tablet_max_width":0,"ocean_custom_logo_mobile_max_width":0,"ocean_custom_logo_max_height":0,"ocean_custom_logo_tablet_max_height":0,"ocean_custom_logo_mobile_max_height":0,"ocean_header_custom_menu":"0","ocean_menu_typo_font_family":"0","ocean_menu_typo_font_subset":"","ocean_menu_typo_font_size":0,"ocean_menu_typo_font_size_tablet":0,"ocean_menu_typo_font_size_mobile":0,"ocean_menu_typo_font_size_unit":"px","ocean_menu_typo_font_weight":"","ocean_menu_typo_font_weight_tablet":"","ocean_menu_typo_font_weight_mobile":"","ocean_menu_typo_transform":"","ocean_menu_typo_transform_tablet":"","ocean_menu_typo_transform_mobile":"","ocean_menu_typo_line_height":0,"ocean_menu_typo_line_height_tablet":0,"ocean_menu_typo_line_height_mobile":0,"ocean_menu_typo_line_height_unit":"","ocean_menu_typo_spacing":0,"ocean_menu_typo_spacing_tablet":0,"ocean_menu_typo_spacing_mobile":0,"ocean_menu_typo_spacing_unit":"","ocean_menu_link_color":"","ocean_menu_link_color_hover":"","ocean_menu_link_color_active":"","ocean_menu_link_background":"","ocean_menu_link_hover_background":"","ocean_menu_link_active_background":"","ocean_menu_social_links_bg":"","ocean_menu_social_hover_links_bg":"","ocean_menu_social_links_color":"","ocean_menu_social_hover_links_color":"","ocean_disable_title":"default","ocean_disable_heading":"default","ocean_post_title":"","ocean_post_subheading":"","ocean_post_title_style":"","ocean_post_title_background_color":"","ocean_post_title_background":0,"ocean_post_title_bg_image_position":"","ocean_post_title_bg_image_attachment":"","ocean_post_title_bg_image_repeat":"","ocean_post_title_bg_image_size":"","ocean_post_title_height":0,"ocean_post_title_bg_overlay":0.5,"ocean_post_title_bg_overlay_color":"","ocean_disable_breadcrumbs":"default","ocean_breadcrumbs_color":"","ocean_breadcrumbs_separator_color":"","ocean_breadcrumbs_links_color":"","ocean_breadcrumbs_links_hover_color":"","ocean_display_footer_widgets":"default","ocean_display_footer_bottom":"default","ocean_custom_footer_template":"0","footnotes":""},"class_list":["post-4235","page","type-page","status-publish","hentry","entry"],"_links":{"self":[{"href":"https:\/\/www.koinet.aegyptologie.uni-muenchen.de\/en\/wp-json\/wp\/v2\/pages\/4235","targetHints":{"allow":["GET"]}}],"collection":[{"href":"https:\/\/www.koinet.aegyptologie.uni-muenchen.de\/en\/wp-json\/wp\/v2\/pages"}],"about":[{"href":"https:\/\/www.koinet.aegyptologie.uni-muenchen.de\/en\/wp-json\/wp\/v2\/types\/page"}],"author":[{"embeddable":true,"href":"https:\/\/www.koinet.aegyptologie.uni-muenchen.de\/en\/wp-json\/wp\/v2\/users\/2"}],"replies":[{"embeddable":true,"href":"https:\/\/www.koinet.aegyptologie.uni-muenchen.de\/en\/wp-json\/wp\/v2\/comments?post=4235"}],"version-history":[{"count":35,"href":"https:\/\/www.koinet.aegyptologie.uni-muenchen.de\/en\/wp-json\/wp\/v2\/pages\/4235\/revisions"}],"predecessor-version":[{"id":4316,"href":"https:\/\/www.koinet.aegyptologie.uni-muenchen.de\/en\/wp-json\/wp\/v2\/pages\/4235\/revisions\/4316"}],"wp:attachment":[{"href":"https:\/\/www.koinet.aegyptologie.uni-muenchen.de\/en\/wp-json\/wp\/v2\/media?parent=4235"}],"curies":[{"name":"wp","href":"https:\/\/api.w.org\/{rel}","templated":true}]}}