{"id":381,"date":"2021-05-27T17:58:16","date_gmt":"2021-05-27T17:58:16","guid":{"rendered":"http:\/\/www.koinet.aegyptologie.uni-muenchen.de\/?page_id=381"},"modified":"2021-12-14T21:35:20","modified_gmt":"2021-12-14T21:35:20","slug":"datenschutz","status":"publish","type":"page","link":"https:\/\/www.koinet.aegyptologie.uni-muenchen.de\/en\/datenschutz\/","title":{"rendered":"Datenschutz"},"content":{"rendered":"<div data-elementor-type=\"wp-page\" data-elementor-id=\"381\" class=\"elementor elementor-381\">\n\t\t\t\t\t\t<section class=\"elementor-section elementor-top-section elementor-element elementor-element-a07da29 elementor-section-boxed elementor-section-height-default elementor-section-height-default\" data-id=\"a07da29\" data-element_type=\"section\" data-e-type=\"section\" data-settings=\"{&quot;background_background&quot;:&quot;classic&quot;}\">\n\t\t\t\t\t\t\t<div class=\"elementor-background-overlay\"><\/div>\n\t\t\t\t\t\t\t<div class=\"elementor-container elementor-column-gap-default\">\n\t\t\t\t\t<div class=\"elementor-column elementor-col-100 elementor-top-column elementor-element elementor-element-11cae41\" data-id=\"11cae41\" data-element_type=\"column\" data-e-type=\"column\">\n\t\t\t<div class=\"elementor-widget-wrap elementor-element-populated\">\n\t\t\t\t\t\t<div class=\"elementor-element elementor-element-be583dd elementor-widget elementor-widget-heading\" data-id=\"be583dd\" data-element_type=\"widget\" data-e-type=\"widget\" data-widget_type=\"heading.default\">\n\t\t\t\t<div class=\"elementor-widget-container\">\n\t\t\t\t\t<h2 class=\"elementor-heading-title elementor-size-default\">Data protection<\/h2>\t\t\t\t<\/div>\n\t\t\t\t<\/div>\n\t\t\t\t\t<\/div>\n\t\t<\/div>\n\t\t\t\t\t<\/div>\n\t\t<\/section>\n\t\t\t\t<section class=\"elementor-section elementor-top-section elementor-element elementor-element-8a9611f elementor-section-boxed elementor-section-height-default elementor-section-height-default\" data-id=\"8a9611f\" data-element_type=\"section\" data-e-type=\"section\">\n\t\t\t\t\t\t<div class=\"elementor-container elementor-column-gap-default\">\n\t\t\t\t\t<div class=\"elementor-column elementor-col-100 elementor-top-column elementor-element elementor-element-f3ff529\" data-id=\"f3ff529\" data-element_type=\"column\" data-e-type=\"column\">\n\t\t\t<div class=\"elementor-widget-wrap elementor-element-populated\">\n\t\t\t\t\t\t<div class=\"elementor-element elementor-element-f51073f elementor-widget elementor-widget-spacer\" data-id=\"f51073f\" data-element_type=\"widget\" data-e-type=\"widget\" data-widget_type=\"spacer.default\">\n\t\t\t\t<div class=\"elementor-widget-container\">\n\t\t\t\t\t\t\t<div class=\"elementor-spacer\">\n\t\t\t<div class=\"elementor-spacer-inner\"><\/div>\n\t\t<\/div>\n\t\t\t\t\t\t<\/div>\n\t\t\t\t<\/div>\n\t\t\t\t<div class=\"elementor-element elementor-element-679eeda elementor-widget elementor-widget-text-editor\" data-id=\"679eeda\" data-element_type=\"widget\" data-e-type=\"widget\" data-widget_type=\"text-editor.default\">\n\t\t\t\t<div class=\"elementor-widget-container\">\n\t\t\t\t\t\t\t\t\t<div><h1><strong>General note and mandatory information<\/strong><\/h1><div>\u00a0<\/div><h2><strong>Benennung der verantwortlichen Stelle<\/strong><\/h2><div>\u00a0<\/div><p>The responsible body for data processing on this website is:<\/p><p><b>Ludwig-Maximilians-Universit\u00e4t M\u00fcnchen<\/b><\/p><b> <\/b><p><b>Geschwister-Scholl-Platz 1<\/b><\/p><b> <\/b><p><b>80539 M\u00fcnchen<\/b><\/p><p>Current and detailed information on data protection and the data protection officer of the LMU can be found at:<\/p><p><a href=\"https:\/\/www.lmu.de\/de\/footer\/datenschutz\/index.html\" target=\"_blank\" rel=\"noopener\"><b>https:\/\/www.lmu.de\/de\/footer\/datenschutz\/index.html<\/b><\/a><\/p><p>The responsible body decides alone or together with others on the purposes and means of processing personal data (e.g. names, contact details, etc.).<\/p><h2><strong>Revocation of your consent to data processing<\/strong><\/h2><p>Some data processing operations are only possible with your express consent. You can revoke your consent that you have already given at any time. An informal message by e-mail is sufficient for the revocation. The legality of the data processing that took place up until the revocation remains unaffected by the revocation.<\/p><h2><strong>Right to lodge a complaint with the competent supervisory authority<\/strong><\/h2><p>As a data subject, you have the right to lodge a complaint with the competent supervisory authority in the event of a breach of data protection law. The competent supervisory authority with regard to data protection issues is the state data protection officer of the federal state in which our company is based. The following link provides a list of data protection officers and their contact details: <a href=\"https:\/\/www.bfdi.bund.de\/DE\/Infothek\/Anschriften_Links\/anschriften_links-node.html\" target=\"_blank\" rel=\"noopener\">https:\/\/www.bfdi.bund.de\/DE\/Infothek\/Anschriften_Links\/anschriften_links-node.html<\/a>.<\/p><h2><strong>Right to data portability<\/strong><\/h2><p>You have the right to have data that we process automatically on the basis of your consent or in fulfillment of a contract handed over to you or to third parties. It is provided in a machine-readable format. If you request the direct transfer of the data to another person responsible, this will only be done to the extent that it is technically feasible.<\/p><h2><strong>Right to information, correction, blocking, deletion<\/strong><\/h2><p>You have the right to free information about your stored personal data, the origin of the data, its recipient and the purpose of the data processing and, if necessary, a right to correction, blocking or deletion of this data at any time within the framework of the applicable legal provisions. You can contact us at any time using the contact options listed in the legal notice if you have any further questions on the subject of personal data.<\/p><h2><strong>SSL and TLS encryption<\/strong><\/h2><p>For security reasons and to protect the transmission of confidential content that you send to us as the site operator, our website uses an SSL or. TLS encryption. This means that data that you transmit via this website cannot be read by third parties. You can recognize an encrypted connection by the \"https:\/\/\" address line of your browser and by the lock symbol in the browser line.<\/p><\/div><div><h2><strong>Server Log Data<\/strong><\/h2><p>The provider of the website automatically collects and stores information in server log files, which your browser automatically transmits to us. These are:<\/p><ul><li>Visited page on our domain<\/li><li>Date and time of the server request<\/li><li>Browser type and browser version<\/li><li>Operating system used<\/li><li>Referrer URL<\/li><li>Host name of the accessing computer<\/li><li>IP address<\/li><\/ul><p>This data is not merged with other data sources. The basis for data processing is Art. 6 Paragraph 1 lit. b GDPR, which allows the processing of data to fulfill a contract or pre-contractual measures.<\/p><\/div><div><h2><strong>Registration on this site<\/strong><\/h2><p>You can register on our website to use certain functions. The transmitted data is used exclusively for the purpose of using the respective offer or service. Mandatory information requested during registration must be provided in full. Otherwise we will refuse the registration.<\/p><p>In the event of important changes, for example for technical reasons, we will inform you by e-mail. The e-mail will be sent to the address given during registration.<\/p><p>The data entered during registration is processed on the basis of your consent (Article 6 (1) (a) GDPR). You can revoke your consent that you have already given at any time. An informal message by e-mail is sufficient for the revocation. The legality of the data processing that has already taken place remains unaffected by the revocation.<\/p><p>We store the data collected during registration during the period that you are registered on our website. Your data will be deleted if you cancel your registration. Statutory retention periods remain unaffected.<\/p><\/div><div><h2><strong>the contact form<\/strong><\/h2><p>Data transmitted via the contact form will be stored, including your contact details, in order to be able to process your request or to be available for follow-up questions. This data will not be passed on without your consent.<\/p><p>The data entered in the contact form is processed exclusively on the basis of your consent (Article 6 (1) (a) GDPR). You can revoke your consent that you have already given at any time. An informal message by e-mail is sufficient for the revocation. The legality of the data processing operations carried out up to the revocation remains unaffected by the revocation.<\/p><p>Data transmitted via the contact form will remain with us until you ask us to delete it, revoke your consent to storage or there is no longer any need for data storage. Mandatory legal provisions - in particular retention periods - remain unaffected.<\/p><\/div><div><h2><strong>Duration of storage of posts and comments<\/strong><\/h2><p>Contributions and comments as well as related data, such as IP addresses, are saved. The content remains on our website until it has been completely deleted or had to be deleted for legal reasons.<\/p><p>The contributions and comments are stored on the basis of your consent (Article 6 (1) (a) GDPR). You can revoke your consent that you have already given at any time. An informal message by e-mail is sufficient for the revocation. The legality of data processing operations that have already taken place remains unaffected by the revocation.<\/p><\/div><div><h2><strong>Newsletter Data<\/strong><\/h2><p>To send our newsletter, we need an e-mail address from you. It is necessary to verify the e-mail address provided and to consent to receiving the newsletter. Additional data is not collected or is voluntary. The data is used exclusively for sending the newsletter.<\/p><p>Die bei der Newsletteranmeldung gemachten Daten werden ausschlie\u00dflich auf Grundlage Ihrer Einwilligung (Art. 6 Abs. 1 lit. a DSGVO) verarbeitet. Ein Widerruf Ihrer bereits erteilten Einwilligung ist jederzeit m\u00f6glich. F\u00fcr den Widerruf gen\u00fcgt eine formlose Mitteilung per E-Mail oder Sie melden sich \u00fcber den &#8222;Austragen&#8220;-Link im Newsletter ab. Die Rechtm\u00e4\u00dfigkeit der bereits erfolgten Datenverarbeitungsvorg\u00e4nge bleibt vom Widerruf unber\u00fchrt.<\/p><p>Data entered to set up the subscription will be deleted if you unsubscribe. If this data has been transmitted to us for other purposes and elsewhere, it will remain with us.<\/p><\/div><div><h2><strong>YouTube<\/strong><\/h2><p>Our website uses plugins from YouTube to integrate and display video content. The provider of the video portal is YouTube, LLC, 901 Cherry Ave., San Bruno, CA 94066, USA.<\/p><p>When a page with an integrated YouTube plugin is called up, a connection to the YouTube servers is established. This tells YouTube which of our pages you have accessed.<\/p><p>YouTube can assign your surfing behavior directly to your personal profile if you are logged into your YouTube account. You can prevent this by logging out beforehand.<\/p><p>YouTube is used in the interest of an attractive presentation of our online offers. This represents a legitimate interest within the meaning of Article 6 (1) (f) GDPR.<\/p><p>Details on handling user data can be found in YouTube's data protection declaration at: <a href=\"https:\/\/www.google.de\/intl\/de\/policies\/privacy\">https:\/\/www.google.de\/intl\/de\/policies\/privacy<\/a>.<\/p><\/div><div><h2><strong>Vimeo<\/strong><\/h2><p>Our website uses plugins from Vimeo to integrate and display video content. The provider of the video portal is Vimeo Inc., 555 West 18th Street, New York, New York 10011, USA.<\/p><p>When a page with an integrated Vimeo plugin is called up, a connection to the Vimeo servers is established. This tells Vimeo which of our pages you have accessed. Vimeo learns your IP address even if you are not logged in to the video portal or do not have an account there. The information recorded by Vimeo is transmitted to the video portal server in the USA.<\/p><p>Vimeo can assign your surfing behavior directly to your personal profile. You can prevent this by logging out beforehand.<\/p><p>Details on handling user data can be found in Vimeo's data protection declaration at: <a href=\"https:\/\/vimeo.com\/privacy\">https:\/\/vimeo.com\/privacy<\/a>.<\/p><\/div><div><h2><strong>Cookies<\/strong><\/h2><p>Our website uses cookies. These are small text files that your web browser stores on your end device. Cookies help us to make our offer more user-friendly, effective and secure.<\/p><p>Some cookies are \u201csession cookies.\u201d Such cookies are automatically deleted at the end of your browser session. On the other hand, other cookies remain on your end device until you delete them yourself. Such cookies help us to recognize you when you return to our website.<\/p><p>With a modern web browser you can monitor, restrict or prevent the setting of cookies. Many web browsers can be configured in such a way that cookies are automatically deleted when the program is closed. The deactivation of cookies can result in limited functionality of our website.<\/p><p>The setting of cookies, which are necessary to carry out electronic communication processes or to provide certain functions you want (e.g. shopping cart), takes place on the basis of Art. 6 Para. 1 lit. f DSGVO. As the operator of this website, we have a legitimate interest in the storage of cookies for the technically error-free and smooth provision of our services. If other cookies are set (e.g. for analysis functions), they will be treated separately in this data protection declaration.<\/p><\/div><div><h2><strong>Twitter Plugin<\/strong><\/h2><p>Our website uses functions of the Twitter service. The provider is Twitter Inc., 1355 Market Street, Suite 900, San Francisco, CA 94103, USA.<\/p><p>Bei Nutzung von Twitter und der Funktion &#8222;Re-Tweet&#8220; werden von Ihnen besuchte Websites mit Ihrem Twitter-Account verkn\u00fcpft und in Ihrem Twitter-Feed ver\u00f6ffentlicht. Dabei erfolgt eine \u00dcbermittlung von Daten an Twitter. \u00dcber den Inhalt der \u00fcbermittelten Daten sowie die Nutzung dieser Daten durch Twitter haben wir keine Kenntnis. Einzelheiten finden Sie in der Datenschutzerkl\u00e4rung von Twitter: <a href=\"https:\/\/twitter.com\/privacy\">https:\/\/twitter.com\/privacy<\/a>.<\/p><p>You can change your privacy settings on Twitter: <a href=\"https:\/\/twitter.com\/account\/settings\">https:\/\/twitter.com\/account\/settings<\/a><\/p><\/div>\t\t\t\t\t\t\t\t<\/div>\n\t\t\t\t<\/div>\n\t\t\t\t\t<\/div>\n\t\t<\/div>\n\t\t\t\t\t<\/div>\n\t\t<\/section>\n\t\t\t\t<\/div>","protected":false},"excerpt":{"rendered":"<p>Datenschutzerkl\u00e4rung Allgemeiner Hinweis und Pflichtinformationen \u00a0 Benennung der verantwortlichen Stelle \u00a0 Die verantwortliche Stelle f\u00fcr die Datenverarbeitung auf dieser Website ist: Ludwig-Maximilians-Universit\u00e4t M\u00fcnchen Geschwister-Scholl-Platz 1 80539 M\u00fcnchen Aktuelle und detaillierte Informationen zum Datenschutz und den Datenschutzbeauftragten der LMU finden Sie unter: https:\/\/www.lmu.de\/de\/footer\/datenschutz\/index.html Die verantwortliche Stelle entscheidet allein oder gemeinsam mit anderen \u00fcber die Zwecke und [&hellip;]<\/p>","protected":false},"author":1,"featured_media":0,"parent":0,"menu_order":0,"comment_status":"closed","ping_status":"closed","template":"","meta":{"_eb_attr":"","ocean_post_layout":"full-screen","ocean_both_sidebars_style":"","ocean_both_sidebars_content_width":0,"ocean_both_sidebars_sidebars_width":0,"ocean_sidebar":"sidebar","ocean_second_sidebar":"0","ocean_disable_margins":"on","ocean_add_body_class":"","ocean_shortcode_before_top_bar":"","ocean_shortcode_after_top_bar":"","ocean_shortcode_before_header":"","ocean_shortcode_after_header":"","ocean_has_shortcode":"","ocean_shortcode_after_title":"","ocean_shortcode_before_footer_widgets":"","ocean_shortcode_after_footer_widgets":"","ocean_shortcode_before_footer_bottom":"","ocean_shortcode_after_footer_bottom":"","ocean_display_top_bar":"off","ocean_display_header":"off","ocean_header_style":"","ocean_center_header_left_menu":"0","ocean_custom_header_template":"0","ocean_custom_logo":0,"ocean_custom_retina_logo":0,"ocean_custom_logo_max_width":0,"ocean_custom_logo_tablet_max_width":0,"ocean_custom_logo_mobile_max_width":0,"ocean_custom_logo_max_height":0,"ocean_custom_logo_tablet_max_height":0,"ocean_custom_logo_mobile_max_height":0,"ocean_header_custom_menu":"0","ocean_menu_typo_font_family":"0","ocean_menu_typo_font_subset":"","ocean_menu_typo_font_size":0,"ocean_menu_typo_font_size_tablet":0,"ocean_menu_typo_font_size_mobile":0,"ocean_menu_typo_font_size_unit":"px","ocean_menu_typo_font_weight":"","ocean_menu_typo_font_weight_tablet":"","ocean_menu_typo_font_weight_mobile":"","ocean_menu_typo_transform":"","ocean_menu_typo_transform_tablet":"","ocean_menu_typo_transform_mobile":"","ocean_menu_typo_line_height":0,"ocean_menu_typo_line_height_tablet":0,"ocean_menu_typo_line_height_mobile":0,"ocean_menu_typo_line_height_unit":"","ocean_menu_typo_spacing":0,"ocean_menu_typo_spacing_tablet":0,"ocean_menu_typo_spacing_mobile":0,"ocean_menu_typo_spacing_unit":"","ocean_menu_link_color":"","ocean_menu_link_color_hover":"","ocean_menu_link_color_active":"","ocean_menu_link_background":"","ocean_menu_link_hover_background":"","ocean_menu_link_active_background":"","ocean_menu_social_links_bg":"","ocean_menu_social_hover_links_bg":"","ocean_menu_social_links_color":"","ocean_menu_social_hover_links_color":"","ocean_disable_title":"on","ocean_disable_heading":"default","ocean_post_title":"","ocean_post_subheading":"","ocean_post_title_style":"","ocean_post_title_background_color":"","ocean_post_title_background":0,"ocean_post_title_bg_image_position":"","ocean_post_title_bg_image_attachment":"","ocean_post_title_bg_image_repeat":"","ocean_post_title_bg_image_size":"","ocean_post_title_height":0,"ocean_post_title_bg_overlay":0.5,"ocean_post_title_bg_overlay_color":"","ocean_disable_breadcrumbs":"default","ocean_breadcrumbs_color":"","ocean_breadcrumbs_separator_color":"","ocean_breadcrumbs_links_color":"","ocean_breadcrumbs_links_hover_color":"","ocean_display_footer_widgets":"off","ocean_display_footer_bottom":"on","ocean_custom_footer_template":"0","footnotes":""},"class_list":["post-381","page","type-page","status-publish","hentry","entry"],"_links":{"self":[{"href":"https:\/\/www.koinet.aegyptologie.uni-muenchen.de\/en\/wp-json\/wp\/v2\/pages\/381","targetHints":{"allow":["GET"]}}],"collection":[{"href":"https:\/\/www.koinet.aegyptologie.uni-muenchen.de\/en\/wp-json\/wp\/v2\/pages"}],"about":[{"href":"https:\/\/www.koinet.aegyptologie.uni-muenchen.de\/en\/wp-json\/wp\/v2\/types\/page"}],"author":[{"embeddable":true,"href":"https:\/\/www.koinet.aegyptologie.uni-muenchen.de\/en\/wp-json\/wp\/v2\/users\/1"}],"replies":[{"embeddable":true,"href":"https:\/\/www.koinet.aegyptologie.uni-muenchen.de\/en\/wp-json\/wp\/v2\/comments?post=381"}],"version-history":[{"count":48,"href":"https:\/\/www.koinet.aegyptologie.uni-muenchen.de\/en\/wp-json\/wp\/v2\/pages\/381\/revisions"}],"predecessor-version":[{"id":917,"href":"https:\/\/www.koinet.aegyptologie.uni-muenchen.de\/en\/wp-json\/wp\/v2\/pages\/381\/revisions\/917"}],"wp:attachment":[{"href":"https:\/\/www.koinet.aegyptologie.uni-muenchen.de\/en\/wp-json\/wp\/v2\/media?parent=381"}],"curies":[{"name":"wp","href":"https:\/\/api.w.org\/{rel}","templated":true}]}}