{"id":366,"date":"2021-05-27T15:28:41","date_gmt":"2021-05-27T15:28:41","guid":{"rendered":"http:\/\/www.koinet.aegyptologie.uni-muenchen.de\/?page_id=366"},"modified":"2021-12-16T13:18:07","modified_gmt":"2021-12-16T13:18:07","slug":"archiv","status":"publish","type":"page","link":"https:\/\/www.koinet.aegyptologie.uni-muenchen.de\/en\/archiv\/","title":{"rendered":"Archive"},"content":{"rendered":"<div data-elementor-type=\"wp-page\" data-elementor-id=\"366\" class=\"elementor elementor-366\">\n\t\t\t\t\t\t<section class=\"elementor-section elementor-top-section elementor-element elementor-element-87b5461 elementor-section-content-space-evenly elementor-section-boxed elementor-section-height-default elementor-section-height-default\" data-id=\"87b5461\" data-element_type=\"section\" data-e-type=\"section\">\n\t\t\t\t\t\t<div class=\"elementor-container elementor-column-gap-default\">\n\t\t\t\t\t<div class=\"elementor-column elementor-col-100 elementor-top-column elementor-element elementor-element-7b83306\" data-id=\"7b83306\" data-element_type=\"column\" data-e-type=\"column\">\n\t\t\t<div class=\"elementor-widget-wrap elementor-element-populated\">\n\t\t\t\t\t\t<div class=\"elementor-element elementor-element-e08a99b elementor-grid-eael-col-3 elementor-widget__width-inherit elementor-grid-tablet-eael-col-2 elementor-grid-mobile-eael-col-1 elementor-widget elementor-widget-eael-post-grid\" data-id=\"e08a99b\" data-element_type=\"widget\" data-e-type=\"widget\" data-settings=\"{&quot;eael_post_grid_columns&quot;:&quot;eael-col-3&quot;,&quot;eael_post_grid_columns_tablet&quot;:&quot;eael-col-2&quot;,&quot;eael_post_grid_columns_mobile&quot;:&quot;eael-col-1&quot;}\" data-widget_type=\"eael-post-grid.default\">\n\t\t\t\t<div class=\"elementor-widget-container\">\n\t\t\t\t\t<div id=\"eael-post-grid-e08a99b\" class=\"eael-post-grid-container\">\n            <div class=\"eael-post-grid eael-post-appender eael-post-appender-e08a99b eael-post-grid-style-one\" data-layout-mode=\"masonry\"><article class=\"eael-grid-post  eael-post-grid-column eael-pg-post-4332 category-uncategorized tags-kollaborationen-vortraege\" data-id=\"4332\">\n        <div class=\"eael-grid-post-holder\">\n            <div class=\"eael-grid-post-holder-inner\"><div class=\"eael-entry-wrapper\"><header class=\"eael-entry-header\"><h2 class=\"eael-entry-title\"><a class=\"eael-grid-post-link\" href=\"https:\/\/www.koinet.aegyptologie.uni-muenchen.de\/en\/koinet-auf-der-langen-nacht-der-wissenschaften-in-berlin\/\" title=\"KOINet auf der Langen Nacht der Wissenschaften in Berlin\">KOINet auf der Langen Nacht der Wissenschaften in Berlin<\/a><\/h2><\/header><div class=\"eael-entry-content\">\n                        <div class=\"eael-grid-post-excerpt\"><p>Dieses Jahr war KOINet erstmals mit einem eigenen Vortrag auf...<\/p><a href=\"https:\/\/www.koinet.aegyptologie.uni-muenchen.de\/en\/koinet-auf-der-langen-nacht-der-wissenschaften-in-berlin\/\" class=\"eael-post-elements-readmore-btn\">Mehr erfahren<\/a><\/div>\n                    <\/div><div class=\"eael-entry-footer\"><div class=\"eael-entry-meta\"><\/div><\/div><\/div><\/div>\n        <\/div>\n    <\/article><article class=\"eael-grid-post  eael-post-grid-column eael-pg-post-1085 category-uncategorized\" data-id=\"1085\">\n        <div class=\"eael-grid-post-holder\">\n            <div class=\"eael-grid-post-holder-inner\"><div class=\"eael-entry-wrapper\"><header class=\"eael-entry-header\"><h2 class=\"eael-entry-title\"><a class=\"eael-grid-post-link\" href=\"https:\/\/www.koinet.aegyptologie.uni-muenchen.de\/en\/elementor-962-3-3\/\" title=\"Vergraben im M\u00fcll\">Vergraben im M\u00fcll<\/a><\/h2><\/header><div class=\"eael-entry-content\">\n                        <div class=\"eael-grid-post-excerpt\"><p>Wenn das Warten sich lohnt Auf meinem kurzen Forschungsaufenthalt im...<\/p><a href=\"https:\/\/www.koinet.aegyptologie.uni-muenchen.de\/en\/elementor-962-3-3\/\" class=\"eael-post-elements-readmore-btn\">Mehr erfahren<\/a><\/div>\n                    <\/div><div class=\"eael-entry-footer\"><div class=\"eael-entry-meta\"><\/div><\/div><\/div><\/div>\n        <\/div>\n    <\/article><article class=\"eael-grid-post  eael-post-grid-column eael-pg-post-1069 category-uncategorized\" data-id=\"1069\">\n        <div class=\"eael-grid-post-holder\">\n            <div class=\"eael-grid-post-holder-inner\"><div class=\"eael-entry-wrapper\"><header class=\"eael-entry-header\"><h2 class=\"eael-entry-title\"><a class=\"eael-grid-post-link\" href=\"https:\/\/www.koinet.aegyptologie.uni-muenchen.de\/en\/elementor-962-3\/\" title=\"Quechua M\u00e4rchenstunde\">Quechua M\u00e4rchenstunde<\/a><\/h2><\/header><div class=\"eael-entry-content\">\n                        <div class=\"eael-grid-post-excerpt\"><p>Im Rahmen der Initiative &#8222;M\u00e4rchen erz\u00e4hlt &#8230; in deiner Sprache&#8220;...<\/p><a href=\"https:\/\/www.koinet.aegyptologie.uni-muenchen.de\/en\/elementor-962-3\/\" class=\"eael-post-elements-readmore-btn\">Mehr erfahren<\/a><\/div>\n                    <\/div><div class=\"eael-entry-footer\"><div class=\"eael-entry-meta\"><\/div><\/div><\/div><\/div>\n        <\/div>\n    <\/article><article class=\"eael-grid-post  eael-post-grid-column eael-pg-post-1060 category-uncategorized\" data-id=\"1060\">\n        <div class=\"eael-grid-post-holder\">\n            <div class=\"eael-grid-post-holder-inner\"><div class=\"eael-entry-wrapper\"><header class=\"eael-entry-header\"><h2 class=\"eael-entry-title\"><a class=\"eael-grid-post-link\" href=\"https:\/\/www.koinet.aegyptologie.uni-muenchen.de\/en\/elementor-962-2\/\" title=\"Workshop &#8222;Narrating the Past&#8220;\">Workshop &#8222;Narrating the Past&#8220;<\/a><\/h2><\/header><div class=\"eael-entry-content\">\n                        <div class=\"eael-grid-post-excerpt\"><p>Was haben Perser und Japaner gemeinsam? Was haben Spiegel mit...<\/p><a href=\"https:\/\/www.koinet.aegyptologie.uni-muenchen.de\/en\/elementor-962-2\/\" class=\"eael-post-elements-readmore-btn\">Mehr erfahren<\/a><\/div>\n                    <\/div><div class=\"eael-entry-footer\"><div class=\"eael-entry-meta\"><\/div><\/div><\/div><\/div>\n        <\/div>\n    <\/article><article class=\"eael-grid-post  eael-post-grid-column eael-pg-post-997 category-workshops tags-kollaborationen-new-tools-for-old-problems-publikationen-work-in-progress-workshop\" data-id=\"997\">\n        <div class=\"eael-grid-post-holder\">\n            <div class=\"eael-grid-post-holder-inner\"><div class=\"eael-entry-wrapper\"><header class=\"eael-entry-header\"><h2 class=\"eael-entry-title\"><a class=\"eael-grid-post-link\" href=\"https:\/\/www.koinet.aegyptologie.uni-muenchen.de\/en\/publikationsvorbereitung-workshop-new-tools-for-old-problems\/\" title=\"Publikationsvorbereitung: New Tools\">Publikationsvorbereitung: New Tools<\/a><\/h2><\/header><div class=\"eael-entry-content\">\n                        <div class=\"eael-grid-post-excerpt\"><p>Das Whitepaper zu dem Anfang des Jahres abgehaltenen Workshop \u201eNew...<\/p><a href=\"https:\/\/www.koinet.aegyptologie.uni-muenchen.de\/en\/publikationsvorbereitung-workshop-new-tools-for-old-problems\/\" class=\"eael-post-elements-readmore-btn\">Mehr erfahren<\/a><\/div>\n                    <\/div><div class=\"eael-entry-footer\"><div class=\"eael-entry-meta\"><\/div><\/div><\/div><\/div>\n        <\/div>\n    <\/article><article class=\"eael-grid-post  eael-post-grid-column eael-pg-post-486 category-uncategorized\" data-id=\"486\">\n        <div class=\"eael-grid-post-holder\">\n            <div class=\"eael-grid-post-holder-inner\"><div class=\"eael-entry-wrapper\"><header class=\"eael-entry-header\"><h2 class=\"eael-entry-title\"><a class=\"eael-grid-post-link\" href=\"https:\/\/www.koinet.aegyptologie.uni-muenchen.de\/en\/narrating-the-past\/\" title=\"Ank\u00fcndigung: &#8222;Narrating the Past&#8220;\">Ank\u00fcndigung: &#8222;Narrating the Past&#8220;<\/a><\/h2><\/header><div class=\"eael-entry-content\">\n                        <div class=\"eael-grid-post-excerpt\"><p>Wir freuen uns, den Workshop \u201eNarrating the Past\u201c anzuk\u00fcndigen, der...<\/p><a href=\"https:\/\/www.koinet.aegyptologie.uni-muenchen.de\/en\/narrating-the-past\/\" class=\"eael-post-elements-readmore-btn\">Mehr erfahren<\/a><\/div>\n                    <\/div><div class=\"eael-entry-footer\"><div class=\"eael-entry-meta\"><\/div><\/div><\/div><\/div>\n        <\/div>\n    <\/article><article class=\"eael-grid-post  eael-post-grid-column eael-pg-post-683 category-uncategorized\" data-id=\"683\">\n        <div class=\"eael-grid-post-holder\">\n            <div class=\"eael-grid-post-holder-inner\"><div class=\"eael-entry-wrapper\"><header class=\"eael-entry-header\"><h2 class=\"eael-entry-title\"><a class=\"eael-grid-post-link\" href=\"https:\/\/www.koinet.aegyptologie.uni-muenchen.de\/en\/join\/\" title=\"JOIN the Network!\">JOIN the Network!<\/a><\/h2><\/header><div class=\"eael-entry-content\">\n                        <div class=\"eael-grid-post-excerpt\"><p>Werden Sie Teil unseres Netzwerks und bewerben Sie sich JETZT...<\/p><a href=\"https:\/\/www.koinet.aegyptologie.uni-muenchen.de\/en\/join\/\" class=\"eael-post-elements-readmore-btn\">Mehr erfahren<\/a><\/div>\n                    <\/div><div class=\"eael-entry-footer\"><div class=\"eael-entry-meta\"><\/div><\/div><\/div><\/div>\n        <\/div>\n    <\/article><article class=\"eael-grid-post  eael-post-grid-column eael-pg-post-1075 category-uncategorized\" data-id=\"1075\">\n        <div class=\"eael-grid-post-holder\">\n            <div class=\"eael-grid-post-holder-inner\"><div class=\"eael-entry-wrapper\"><header class=\"eael-entry-header\"><h2 class=\"eael-entry-title\"><a class=\"eael-grid-post-link\" href=\"https:\/\/www.koinet.aegyptologie.uni-muenchen.de\/en\/elementor-962-3-2\/\" title=\"KOINet &#8222;Kleine F\u00e4cher Wochen&#8220;\">KOINet &#8222;Kleine F\u00e4cher Wochen&#8220;<\/a><\/h2><\/header><div class=\"eael-entry-content\">\n                        <div class=\"eael-grid-post-excerpt\"><p>Vom 8.-11. M\u00e4rz 2021 fand die von HRK und BMBF...<\/p><a href=\"https:\/\/www.koinet.aegyptologie.uni-muenchen.de\/en\/elementor-962-3-2\/\" class=\"eael-post-elements-readmore-btn\">Mehr erfahren<\/a><\/div>\n                    <\/div><div class=\"eael-entry-footer\"><div class=\"eael-entry-meta\"><\/div><\/div><\/div><\/div>\n        <\/div>\n    <\/article><article class=\"eael-grid-post  eael-post-grid-column eael-pg-post-962 category-uncategorized\" data-id=\"962\">\n        <div class=\"eael-grid-post-holder\">\n            <div class=\"eael-grid-post-holder-inner\"><div class=\"eael-entry-wrapper\"><header class=\"eael-entry-header\"><h2 class=\"eael-entry-title\"><a class=\"eael-grid-post-link\" href=\"https:\/\/www.koinet.aegyptologie.uni-muenchen.de\/en\/elementor-962\/\" title=\"Nachlese: Workshop New Tools\">Nachlese: Workshop New Tools<\/a><\/h2><\/header><div class=\"eael-entry-content\">\n                        <div class=\"eael-grid-post-excerpt\"><p>Nachdem das digitale Konferenzformat n\u00f6tig wurde, haben wir unseren ersten...<\/p><a href=\"https:\/\/www.koinet.aegyptologie.uni-muenchen.de\/en\/elementor-962\/\" class=\"eael-post-elements-readmore-btn\">Mehr erfahren<\/a><\/div>\n                    <\/div><div class=\"eael-entry-footer\"><div class=\"eael-entry-meta\"><\/div><\/div><\/div><\/div>\n        <\/div>\n    <\/article><article class=\"eael-grid-post  eael-post-grid-column eael-pg-post-550 category-uncategorized\" data-id=\"550\">\n        <div class=\"eael-grid-post-holder\">\n            <div class=\"eael-grid-post-holder-inner\"><div class=\"eael-entry-wrapper\"><header class=\"eael-entry-header\"><h2 class=\"eael-entry-title\"><a class=\"eael-grid-post-link\" href=\"https:\/\/www.koinet.aegyptologie.uni-muenchen.de\/en\/willkommen-im-koinet-blog\/\" title=\"Willkommen im KOINet-Blog\">Willkommen im KOINet-Blog<\/a><\/h2><\/header><div class=\"eael-entry-content\">\n                        <div class=\"eael-grid-post-excerpt\"><p>Willkommen auf dem Blog von KOINet, des Kompetenznetzwerks f\u00fcr junge...<\/p><a href=\"https:\/\/www.koinet.aegyptologie.uni-muenchen.de\/en\/willkommen-im-koinet-blog\/\" class=\"eael-post-elements-readmore-btn\">Mehr erfahren<\/a><\/div>\n                    <\/div><div class=\"eael-entry-footer\"><div class=\"eael-entry-meta\"><\/div><\/div><\/div><\/div>\n        <\/div>\n    <\/article><\/div>\n            <div class=\"clearfix\"><\/div>\n        <\/div>\t\t\t\t<\/div>\n\t\t\t\t<\/div>\n\t\t\t\t\t<\/div>\n\t\t<\/div>\n\t\t\t\t\t<\/div>\n\t\t<\/section>\n\t\t\t\t<\/div>","protected":false},"excerpt":{"rendered":"<p>Welcome to the KOINet-Blog Welcome to the blog of KOINet, the competence network for&#8230; Mehr erfahren Quechua M\u00e4rchenstunde Im Rahmen der Initiative &#8220;M\u00e4rchen erz\u00e4hlt &#8230; in deiner Sprache&#8221;&#8230; Mehr erfahren Workshop &#8220;Narrating the Past&#8221; Was haben Perser und Japaner gemeinsam? Was haben Spiegel mit&#8230; Mehr erfahren Publikationsvorbereitung: New Tools Das Whitepaper zu dem Anfang des [&hellip;]<\/p>","protected":false},"author":1,"featured_media":0,"parent":0,"menu_order":0,"comment_status":"closed","ping_status":"closed","template":"","meta":{"_eb_attr":"","ocean_post_layout":"full-screen","ocean_both_sidebars_style":"","ocean_both_sidebars_content_width":0,"ocean_both_sidebars_sidebars_width":0,"ocean_sidebar":"0","ocean_second_sidebar":"0","ocean_disable_margins":"on","ocean_add_body_class":"","ocean_shortcode_before_top_bar":"","ocean_shortcode_after_top_bar":"","ocean_shortcode_before_header":"","ocean_shortcode_after_header":"","ocean_has_shortcode":"","ocean_shortcode_after_title":"","ocean_shortcode_before_footer_widgets":"","ocean_shortcode_after_footer_widgets":"","ocean_shortcode_before_footer_bottom":"","ocean_shortcode_after_footer_bottom":"","ocean_display_top_bar":"default","ocean_display_header":"default","ocean_header_style":"","ocean_center_header_left_menu":"0","ocean_custom_header_template":"0","ocean_custom_logo":0,"ocean_custom_retina_logo":0,"ocean_custom_logo_max_width":0,"ocean_custom_logo_tablet_max_width":0,"ocean_custom_logo_mobile_max_width":0,"ocean_custom_logo_max_height":0,"ocean_custom_logo_tablet_max_height":0,"ocean_custom_logo_mobile_max_height":0,"ocean_header_custom_menu":"0","ocean_menu_typo_font_family":"0","ocean_menu_typo_font_subset":"","ocean_menu_typo_font_size":0,"ocean_menu_typo_font_size_tablet":0,"ocean_menu_typo_font_size_mobile":0,"ocean_menu_typo_font_size_unit":"px","ocean_menu_typo_font_weight":"","ocean_menu_typo_font_weight_tablet":"","ocean_menu_typo_font_weight_mobile":"","ocean_menu_typo_transform":"","ocean_menu_typo_transform_tablet":"","ocean_menu_typo_transform_mobile":"","ocean_menu_typo_line_height":0,"ocean_menu_typo_line_height_tablet":0,"ocean_menu_typo_line_height_mobile":0,"ocean_menu_typo_line_height_unit":"","ocean_menu_typo_spacing":0,"ocean_menu_typo_spacing_tablet":0,"ocean_menu_typo_spacing_mobile":0,"ocean_menu_typo_spacing_unit":"","ocean_menu_link_color":"","ocean_menu_link_color_hover":"","ocean_menu_link_color_active":"","ocean_menu_link_background":"","ocean_menu_link_hover_background":"","ocean_menu_link_active_background":"","ocean_menu_social_links_bg":"","ocean_menu_social_hover_links_bg":"","ocean_menu_social_links_color":"","ocean_menu_social_hover_links_color":"","ocean_disable_title":"default","ocean_disable_heading":"default","ocean_post_title":"","ocean_post_subheading":"","ocean_post_title_style":"","ocean_post_title_background_color":"","ocean_post_title_background":0,"ocean_post_title_bg_image_position":"","ocean_post_title_bg_image_attachment":"","ocean_post_title_bg_image_repeat":"","ocean_post_title_bg_image_size":"","ocean_post_title_height":0,"ocean_post_title_bg_overlay":0.5,"ocean_post_title_bg_overlay_color":"","ocean_disable_breadcrumbs":"default","ocean_breadcrumbs_color":"","ocean_breadcrumbs_separator_color":"","ocean_breadcrumbs_links_color":"","ocean_breadcrumbs_links_hover_color":"","ocean_display_footer_widgets":"default","ocean_display_footer_bottom":"on","ocean_custom_footer_template":"0","footnotes":""},"class_list":["post-366","page","type-page","status-publish","hentry","entry"],"_links":{"self":[{"href":"https:\/\/www.koinet.aegyptologie.uni-muenchen.de\/en\/wp-json\/wp\/v2\/pages\/366","targetHints":{"allow":["GET"]}}],"collection":[{"href":"https:\/\/www.koinet.aegyptologie.uni-muenchen.de\/en\/wp-json\/wp\/v2\/pages"}],"about":[{"href":"https:\/\/www.koinet.aegyptologie.uni-muenchen.de\/en\/wp-json\/wp\/v2\/types\/page"}],"author":[{"embeddable":true,"href":"https:\/\/www.koinet.aegyptologie.uni-muenchen.de\/en\/wp-json\/wp\/v2\/users\/1"}],"replies":[{"embeddable":true,"href":"https:\/\/www.koinet.aegyptologie.uni-muenchen.de\/en\/wp-json\/wp\/v2\/comments?post=366"}],"version-history":[{"count":28,"href":"https:\/\/www.koinet.aegyptologie.uni-muenchen.de\/en\/wp-json\/wp\/v2\/pages\/366\/revisions"}],"predecessor-version":[{"id":1083,"href":"https:\/\/www.koinet.aegyptologie.uni-muenchen.de\/en\/wp-json\/wp\/v2\/pages\/366\/revisions\/1083"}],"wp:attachment":[{"href":"https:\/\/www.koinet.aegyptologie.uni-muenchen.de\/en\/wp-json\/wp\/v2\/media?parent=366"}],"curies":[{"name":"wp","href":"https:\/\/api.w.org\/{rel}","templated":true}]}}