{"id":334,"date":"2021-03-08T18:10:34","date_gmt":"2021-03-08T18:10:34","guid":{"rendered":"http:\/\/www.koinet.aegyptologie.uni-muenchen.de\/?page_id=334"},"modified":"2025-09-08T06:34:55","modified_gmt":"2025-09-08T06:34:55","slug":"home","status":"publish","type":"page","link":"https:\/\/www.koinet.aegyptologie.uni-muenchen.de\/en\/","title":{"rendered":"Home"},"content":{"rendered":"<div data-elementor-type=\"wp-page\" data-elementor-id=\"334\" class=\"elementor elementor-334\">\n\t\t\t\t\t\t<section class=\"elementor-section elementor-top-section elementor-element elementor-element-d16dfa2 elementor-section-boxed elementor-section-height-default elementor-section-height-default\" data-id=\"d16dfa2\" data-element_type=\"section\" data-e-type=\"section\">\n\t\t\t\t\t\t<div class=\"elementor-container elementor-column-gap-default\">\n\t\t\t\t\t<div class=\"elementor-column elementor-col-66 elementor-top-column elementor-element elementor-element-db9acbd\" data-id=\"db9acbd\" data-element_type=\"column\" data-e-type=\"column\">\n\t\t\t<div class=\"elementor-widget-wrap elementor-element-populated\">\n\t\t\t\t\t\t<div class=\"elementor-element elementor-element-e104a6d elementor-widget elementor-widget-heading\" data-id=\"e104a6d\" data-element_type=\"widget\" data-e-type=\"widget\" data-widget_type=\"heading.default\">\n\t\t\t\t<div class=\"elementor-widget-container\">\n\t\t\t\t\t<h2 class=\"elementor-heading-title elementor-size-default\">Welcome to KOINet,<\/h2>\t\t\t\t<\/div>\n\t\t\t\t<\/div>\n\t\t\t\t<div class=\"elementor-element elementor-element-0a53e35 elementor-widget elementor-widget-heading\" data-id=\"0a53e35\" data-element_type=\"widget\" data-e-type=\"widget\" data-widget_type=\"heading.default\">\n\t\t\t\t<div class=\"elementor-widget-container\">\n\t\t\t\t\t<h2 class=\"elementor-heading-title elementor-size-default\">the interdisciplinary competence and cooperation network for young academics!\u200b<\/h2>\t\t\t\t<\/div>\n\t\t\t\t<\/div>\n\t\t\t\t<div class=\"elementor-element elementor-element-a4d8e60 elementor-widget elementor-widget-text-editor\" data-id=\"a4d8e60\" data-element_type=\"widget\" data-e-type=\"widget\" data-widget_type=\"text-editor.default\">\n\t\t\t\t<div class=\"elementor-widget-container\">\n\t\t\t\t\t\t\t\t\t<h2><b><span data-contrast=\"auto\">Our Project<\/span><\/b><span data-ccp-props=\"{&quot;201341983&quot;:0,&quot;335559739&quot;:160,&quot;335559740&quot;:259}\">\u00a0<\/span><\/h2><p><span data-contrast=\"auto\">One of the major challenges of the \"minor subjects\" is the need to look beyond the boundaries of one's own discipline and to work in an interdisciplinary manner for solid scientific results and statements. As a result, the scientists working in these areas are used and practised to find a common language for scientific dialogue and to develop solutions for common problems. However, this also goes hand in hand with the ability to adapt and incorporate theories, concepts and ideas. The \"large subjects\" also benefit from this adaptability! <\/span><span data-ccp-props=\"{&quot;201341983&quot;:0,&quot;335559739&quot;:160,&quot;335559740&quot;:259}\">\u00a0<\/span><\/p><h2><b><span data-contrast=\"auto\">Our Goal<\/span><\/b><span data-ccp-props=\"{&quot;201341983&quot;:0,&quot;335559739&quot;:160,&quot;335559740&quot;:259}\">\u00a0<\/span><\/h2><p><span data-contrast=\"auto\">By setting priorities and specializing the institutes, more far-reaching networking of young scientists across disciplines, universities and national borders is necessary. We would like to facilitate this networking with the help of our network. <\/span><\/p><p>The project aims to set up a network of and for young scientists that is interdisciplinary, inter-university, cross-generational and competence-oriented and offers them low-threshold opportunities for exchange and the development of joint projects and ideas. The network should also be a contact point and contact for representatives of other subjects who are looking for cooperation partners.<\/p><p>Using our network, working groups and teams should be able to come together, initiate projects and carry them out with the support of the KOINet team - we accompany you from the idea to the completed project.<\/p><h2><b><span data-contrast=\"auto\">Our Range<\/span><\/b><span data-ccp-props=\"{&quot;201341983&quot;:0,&quot;335559739&quot;:160,&quot;335559740&quot;:259}\">\u00a0<\/span><\/h2><p><span data-contrast=\"auto\">The network is designed as a three-tier generation system:<\/span><span data-ccp-props=\"{&quot;201341983&quot;:0,&quot;335559739&quot;:160,&quot;335559740&quot;:259}\">\u00a0<\/span><\/p><p><span data-contrast=\"auto\">1.) \"Simple registration\": for interested and motivated students who can grow into the network<\/span><\/p><p><span data-contrast=\"auto\">2.) \u201cActive member\u201d: competent and efficient young scientists who organize and drive the bulk of the projects\u00a0<\/span><i><span data-contrast=\"auto\">Gros<\/span><\/i><span data-contrast=\"auto\">\u00a0der Projekte organisieren und vorantreiben<\/span><\/p><p><span data-contrast=\"auto\">3.) \u201cAlumnus\u201d: a staff of experienced and established scientists who provide advice and support.<\/span><span data-ccp-props=\"{&quot;201341983&quot;:0,&quot;335559739&quot;:160,&quot;335559740&quot;:259}\">\u00a0<\/span><\/p><p><span data-contrast=\"auto\">We offer young academics a platform to share, discuss and improve their ideas with colleagues in a safe environment. <\/span><span data-contrast=\"auto\">Our intranet offers, among other things:<\/span><\/p><ul><li>contact options<\/li><li>Various exchange options (thematic areas, forums, chat)<\/li><li>board for ideas<\/li><li>podcasts and webinars<\/li><li>talent market<\/li><li>Materials Provided by Members<\/li><\/ul><p>Active members offer their skills and competencies (language skills, computer programs, organization, etc.) to the community; for example, cooperation can be found in the publication of scientific articles or the planning of conferences or similar. We guarantee the security of internal exchange with logging tools and technical safeguards.<\/p>\t\t\t\t\t\t\t\t<\/div>\n\t\t\t\t<\/div>\n\t\t\t\t<div class=\"elementor-element elementor-element-b3fe171 elementor-widget elementor-widget-read-more\" data-id=\"b3fe171\" data-element_type=\"widget\" data-e-type=\"widget\" data-widget_type=\"read-more.default\">\n\t\t\t\t<div class=\"elementor-widget-container\">\n\t\t\t\t\t<\/div><\/div><\/div><\/div><\/div><\/section><\/div> <a href=\"https:\/\/www.koinet.aegyptologie.uni-muenchen.de\/en\/elementor-962-2\/#more-1060\" class=\"more-link elementor-more-link\"><span aria-label=\"Continue reading Workshop &#8222;Narrating the Past&#8220;\">Weiterlesen<\/span><\/a>","protected":false},"excerpt":{"rendered":"<p>Willkommen bei KOINet, dem interdisziplin\u00e4ren Kompetenz- und Kooperationsnetzwerk f\u00fcr den akademischen Nachwuchs!\u200b Unser Projekt\u00a0 Eine der gro\u00dfen Herausforderungen der \u201eKleinen F\u00e4cher\u201c ist die Notwendigkeit, f\u00fcr solide wissenschaftliche Ergebnisse und Aussagen \u00fcber die Grenzen der eigenen Disziplin hinauszublicken und interdisziplin\u00e4r zu arbeiten. Das hat zur Folge, dass die in diesen Gebieten t\u00e4tigen Wissenschaftlerinnen und Wissenschaftler gewohnt [&hellip;]<\/p>","protected":false},"author":1,"featured_media":0,"parent":0,"menu_order":0,"comment_status":"closed","ping_status":"closed","template":"","meta":{"_eb_attr":"","ocean_post_layout":"full-screen","ocean_both_sidebars_style":"","ocean_both_sidebars_content_width":0,"ocean_both_sidebars_sidebars_width":0,"ocean_sidebar":"0","ocean_second_sidebar":"0","ocean_disable_margins":"on","ocean_add_body_class":"","ocean_shortcode_before_top_bar":"","ocean_shortcode_after_top_bar":"","ocean_shortcode_before_header":"","ocean_shortcode_after_header":"","ocean_has_shortcode":"","ocean_shortcode_after_title":"","ocean_shortcode_before_footer_widgets":"","ocean_shortcode_after_footer_widgets":"","ocean_shortcode_before_footer_bottom":"","ocean_shortcode_after_footer_bottom":"","ocean_display_top_bar":"off","ocean_display_header":"off","ocean_header_style":"","ocean_center_header_left_menu":"0","ocean_custom_header_template":"0","ocean_custom_logo":337,"ocean_custom_retina_logo":0,"ocean_custom_logo_max_width":0,"ocean_custom_logo_tablet_max_width":0,"ocean_custom_logo_mobile_max_width":0,"ocean_custom_logo_max_height":0,"ocean_custom_logo_tablet_max_height":0,"ocean_custom_logo_mobile_max_height":0,"ocean_header_custom_menu":"0","ocean_menu_typo_font_family":"0","ocean_menu_typo_font_subset":"","ocean_menu_typo_font_size":0,"ocean_menu_typo_font_size_tablet":0,"ocean_menu_typo_font_size_mobile":0,"ocean_menu_typo_font_size_unit":"px","ocean_menu_typo_font_weight":"","ocean_menu_typo_font_weight_tablet":"","ocean_menu_typo_font_weight_mobile":"","ocean_menu_typo_transform":"","ocean_menu_typo_transform_tablet":"","ocean_menu_typo_transform_mobile":"","ocean_menu_typo_line_height":0,"ocean_menu_typo_line_height_tablet":0,"ocean_menu_typo_line_height_mobile":0,"ocean_menu_typo_line_height_unit":"","ocean_menu_typo_spacing":0,"ocean_menu_typo_spacing_tablet":0,"ocean_menu_typo_spacing_mobile":0,"ocean_menu_typo_spacing_unit":"","ocean_menu_link_color":"","ocean_menu_link_color_hover":"","ocean_menu_link_color_active":"","ocean_menu_link_background":"","ocean_menu_link_hover_background":"","ocean_menu_link_active_background":"","ocean_menu_social_links_bg":"","ocean_menu_social_hover_links_bg":"","ocean_menu_social_links_color":"","ocean_menu_social_hover_links_color":"","ocean_disable_title":"on","ocean_disable_heading":"default","ocean_post_title":"","ocean_post_subheading":"","ocean_post_title_style":"","ocean_post_title_background_color":"","ocean_post_title_background":0,"ocean_post_title_bg_image_position":"","ocean_post_title_bg_image_attachment":"","ocean_post_title_bg_image_repeat":"","ocean_post_title_bg_image_size":"","ocean_post_title_height":0,"ocean_post_title_bg_overlay":0.5,"ocean_post_title_bg_overlay_color":"","ocean_disable_breadcrumbs":"default","ocean_breadcrumbs_color":"","ocean_breadcrumbs_separator_color":"","ocean_breadcrumbs_links_color":"","ocean_breadcrumbs_links_hover_color":"","ocean_display_footer_widgets":"off","ocean_display_footer_bottom":"off","ocean_custom_footer_template":"0","footnotes":""},"class_list":["post-334","page","type-page","status-publish","hentry","entry"],"_links":{"self":[{"href":"https:\/\/www.koinet.aegyptologie.uni-muenchen.de\/en\/wp-json\/wp\/v2\/pages\/334","targetHints":{"allow":["GET"]}}],"collection":[{"href":"https:\/\/www.koinet.aegyptologie.uni-muenchen.de\/en\/wp-json\/wp\/v2\/pages"}],"about":[{"href":"https:\/\/www.koinet.aegyptologie.uni-muenchen.de\/en\/wp-json\/wp\/v2\/types\/page"}],"author":[{"embeddable":true,"href":"https:\/\/www.koinet.aegyptologie.uni-muenchen.de\/en\/wp-json\/wp\/v2\/users\/1"}],"replies":[{"embeddable":true,"href":"https:\/\/www.koinet.aegyptologie.uni-muenchen.de\/en\/wp-json\/wp\/v2\/comments?post=334"}],"version-history":[{"count":126,"href":"https:\/\/www.koinet.aegyptologie.uni-muenchen.de\/en\/wp-json\/wp\/v2\/pages\/334\/revisions"}],"predecessor-version":[{"id":4356,"href":"https:\/\/www.koinet.aegyptologie.uni-muenchen.de\/en\/wp-json\/wp\/v2\/pages\/334\/revisions\/4356"}],"wp:attachment":[{"href":"https:\/\/www.koinet.aegyptologie.uni-muenchen.de\/en\/wp-json\/wp\/v2\/media?parent=334"}],"curies":[{"name":"wp","href":"https:\/\/api.w.org\/{rel}","templated":true}]}}