{"id":1613,"date":"2022-01-03T20:25:01","date_gmt":"2022-01-03T20:25:01","guid":{"rendered":"https:\/\/www.koinet.aegyptologie.uni-muenchen.de\/?page_id=1613"},"modified":"2022-05-25T20:04:27","modified_gmt":"2022-05-25T20:04:27","slug":"danksagungen","status":"publish","type":"page","link":"https:\/\/www.koinet.aegyptologie.uni-muenchen.de\/en\/danksagungen\/","title":{"rendered":"Danksagungen"},"content":{"rendered":"<div data-elementor-type=\"wp-page\" data-elementor-id=\"1613\" class=\"elementor elementor-1613\">\n\t\t\t\t\t\t<section class=\"elementor-section elementor-top-section elementor-element elementor-element-c7284ba elementor-section-boxed elementor-section-height-default elementor-section-height-default\" data-id=\"c7284ba\" data-element_type=\"section\" data-e-type=\"section\">\n\t\t\t\t\t\t<div class=\"elementor-container elementor-column-gap-default\">\n\t\t\t\t\t<div class=\"elementor-column elementor-col-100 elementor-top-column elementor-element elementor-element-a7fe793\" data-id=\"a7fe793\" data-element_type=\"column\" data-e-type=\"column\">\n\t\t\t<div class=\"elementor-widget-wrap elementor-element-populated\">\n\t\t\t\t\t\t<div class=\"elementor-element elementor-element-a5bd255 elementor-widget elementor-widget-heading\" data-id=\"a5bd255\" data-element_type=\"widget\" data-e-type=\"widget\" data-widget_type=\"heading.default\">\n\t\t\t\t<div class=\"elementor-widget-container\">\n\t\t\t\t\t<h1 class=\"elementor-heading-title elementor-size-large\">Danksagungen und weiterf\u00fchrende Literatur<\/h1>\t\t\t\t<\/div>\n\t\t\t\t<\/div>\n\t\t\t\t\t<\/div>\n\t\t<\/div>\n\t\t\t\t\t<\/div>\n\t\t<\/section>\n\t\t\t\t<section class=\"elementor-section elementor-top-section elementor-element elementor-element-eb61166 elementor-section-boxed elementor-section-height-default elementor-section-height-default\" data-id=\"eb61166\" data-element_type=\"section\" data-e-type=\"section\">\n\t\t\t\t\t\t<div class=\"elementor-container elementor-column-gap-default\">\n\t\t\t\t\t<div class=\"elementor-column elementor-col-100 elementor-top-column elementor-element elementor-element-99b638a\" data-id=\"99b638a\" data-element_type=\"column\" data-e-type=\"column\">\n\t\t\t<div class=\"elementor-widget-wrap elementor-element-populated\">\n\t\t\t\t\t\t<div class=\"elementor-element elementor-element-0e3606d elementor-widget elementor-widget-text-editor\" data-id=\"0e3606d\" data-element_type=\"widget\" data-e-type=\"widget\" data-widget_type=\"text-editor.default\">\n\t\t\t\t<div class=\"elementor-widget-container\">\n\t\t\t\t\t\t\t\t\t<p>Diese Ausstellung h\u00e4tte nicht ohne die Hilfe vieler stattfinden k\u00f6nnen. Wir danken herzlich in aller erster Linie den\u00a0<span style=\"font-family: Roboto, sans-serif; font-size: 14px; font-style: normal; font-variant-ligatures: normal; font-variant-caps: normal; font-weight: 400; color: var( --e-global-color-text );\">M\u00e4dchen und Jungen der 4. bis 6. Klasse in der Cusco-Region Perus, die die hier pr\u00e4sentierten Zeichnungen anfertigten.<\/span><\/p>\t\t\t\t\t\t\t\t<\/div>\n\t\t\t\t<\/div>\n\t\t\t\t\t<\/div>\n\t\t<\/div>\n\t\t\t\t\t<\/div>\n\t\t<\/section>\n\t\t\t\t<section class=\"elementor-section elementor-top-section elementor-element elementor-element-987971e elementor-section-boxed elementor-section-height-default elementor-section-height-default\" data-id=\"987971e\" data-element_type=\"section\" data-e-type=\"section\">\n\t\t\t\t\t\t<div class=\"elementor-container elementor-column-gap-default\">\n\t\t\t\t\t<div class=\"elementor-column elementor-col-33 elementor-top-column elementor-element elementor-element-39ba087\" data-id=\"39ba087\" data-element_type=\"column\" data-e-type=\"column\">\n\t\t\t<div class=\"elementor-widget-wrap elementor-element-populated\">\n\t\t\t\t\t\t<div class=\"elementor-element elementor-element-149ee79 elementor-widget elementor-widget-image\" data-id=\"149ee79\" data-element_type=\"widget\" data-e-type=\"widget\" data-widget_type=\"image.default\">\n\t\t\t\t<div class=\"elementor-widget-container\">\n\t\t\t\t\t\t\t\t\t\t\t\t\t\t\t<img fetchpriority=\"high\" decoding=\"async\" width=\"1024\" height=\"744\" src=\"https:\/\/www.koinet.aegyptologie.uni-muenchen.de\/wp-content\/uploads\/2021\/12\/R8-1024x744.jpg\" class=\"attachment-large size-large wp-image-1483\" alt=\"\" srcset=\"https:\/\/www.koinet.aegyptologie.uni-muenchen.de\/wp-content\/uploads\/2021\/12\/R8-1024x744.jpg 1024w, https:\/\/www.koinet.aegyptologie.uni-muenchen.de\/wp-content\/uploads\/2021\/12\/R8-300x218.jpg 300w, https:\/\/www.koinet.aegyptologie.uni-muenchen.de\/wp-content\/uploads\/2021\/12\/R8-768x558.jpg 768w, https:\/\/www.koinet.aegyptologie.uni-muenchen.de\/wp-content\/uploads\/2021\/12\/R8-1536x1116.jpg 1536w, https:\/\/www.koinet.aegyptologie.uni-muenchen.de\/wp-content\/uploads\/2021\/12\/R8.jpg 1755w\" sizes=\"(max-width: 1024px) 100vw, 1024px\" \/>\t\t\t\t\t\t\t\t\t\t\t\t\t\t\t<\/div>\n\t\t\t\t<\/div>\n\t\t\t\t\t<\/div>\n\t\t<\/div>\n\t\t\t\t<div class=\"elementor-column elementor-col-66 elementor-top-column elementor-element elementor-element-aec24e2\" data-id=\"aec24e2\" data-element_type=\"column\" data-e-type=\"column\">\n\t\t\t<div class=\"elementor-widget-wrap elementor-element-populated\">\n\t\t\t\t\t\t<div class=\"elementor-element elementor-element-8da9d28 elementor-widget elementor-widget-text-editor\" data-id=\"8da9d28\" data-element_type=\"widget\" data-e-type=\"widget\" data-widget_type=\"text-editor.default\">\n\t\t\t\t<div class=\"elementor-widget-container\">\n\t\t\t\t\t\t\t\t\t<p>Ein gro\u00dfer Dank geht auch an das KOINet-Team, das die Umsetzung der Online-Ausstellung erm\u00f6glichte. Ein ganz besonderer Dank gilt Teresa Valiente, Roxana Pignata und Lauren Reid f\u00fcr ihr Feedback und die Unterst\u00fctzung.<\/p>\t\t\t\t\t\t\t\t<\/div>\n\t\t\t\t<\/div>\n\t\t\t\t\t<\/div>\n\t\t<\/div>\n\t\t\t\t\t<\/div>\n\t\t<\/section>\n\t\t\t\t<section class=\"elementor-section elementor-top-section elementor-element elementor-element-3fc0602 elementor-section-boxed elementor-section-height-default elementor-section-height-default\" data-id=\"3fc0602\" data-element_type=\"section\" data-e-type=\"section\">\n\t\t\t\t\t\t<div class=\"elementor-container elementor-column-gap-default\">\n\t\t\t\t\t<div class=\"elementor-column elementor-col-100 elementor-top-column elementor-element elementor-element-410fa21\" data-id=\"410fa21\" data-element_type=\"column\" data-e-type=\"column\">\n\t\t\t<div class=\"elementor-widget-wrap elementor-element-populated\">\n\t\t\t\t\t\t<div class=\"elementor-element elementor-element-b9d1ddd elementor-widget elementor-widget-text-editor\" data-id=\"b9d1ddd\" data-element_type=\"widget\" data-e-type=\"widget\" data-widget_type=\"text-editor.default\">\n\t\t\t\t<div class=\"elementor-widget-container\">\n\t\t\t\t\t\t\t\t\t<h2>Zitationsvorschlag der Ausstellung<\/h2>\n<h4><span style=\"font-size: 14px; font-weight: normal;\">Hofmann, Annett und Patrizia Heindl 2021: Eine Online-Ausstellung zum Kindsein in Peru und Deutschland aus kindzentrierter Perspektive. https:\/\/www.koinet.aegyptologie.uni-muenchen.de\/lebensgeschichten\/<\/span><\/h4>\t\t\t\t\t\t\t\t<\/div>\n\t\t\t\t<\/div>\n\t\t\t\t\t<\/div>\n\t\t<\/div>\n\t\t\t\t\t<\/div>\n\t\t<\/section>\n\t\t\t\t<section class=\"elementor-section elementor-top-section elementor-element elementor-element-0a5250c elementor-section-boxed elementor-section-height-default elementor-section-height-default\" data-id=\"0a5250c\" data-element_type=\"section\" data-e-type=\"section\">\n\t\t\t\t\t\t<div class=\"elementor-container elementor-column-gap-default\">\n\t\t\t\t\t<div class=\"elementor-column elementor-col-100 elementor-top-column elementor-element elementor-element-4b9a085\" data-id=\"4b9a085\" data-element_type=\"column\" data-e-type=\"column\">\n\t\t\t<div class=\"elementor-widget-wrap elementor-element-populated\">\n\t\t\t\t\t\t<div class=\"elementor-element elementor-element-95badb3 elementor-widget-divider--view-line elementor-widget elementor-widget-divider\" data-id=\"95badb3\" data-element_type=\"widget\" data-e-type=\"widget\" data-widget_type=\"divider.default\">\n\t\t\t\t<div class=\"elementor-widget-container\">\n\t\t\t\t\t\t\t<div class=\"elementor-divider\">\n\t\t\t<span class=\"elementor-divider-separator\">\n\t\t\t\t\t\t<\/span>\n\t\t<\/div>\n\t\t\t\t\t\t<\/div>\n\t\t\t\t<\/div>\n\t\t\t\t\t<\/div>\n\t\t<\/div>\n\t\t\t\t\t<\/div>\n\t\t<\/section>\n\t\t\t\t<section class=\"elementor-section elementor-top-section elementor-element elementor-element-082248d elementor-section-boxed elementor-section-height-default elementor-section-height-default\" data-id=\"082248d\" data-element_type=\"section\" data-e-type=\"section\">\n\t\t\t\t\t\t<div class=\"elementor-container elementor-column-gap-default\">\n\t\t\t\t\t<div class=\"elementor-column elementor-col-100 elementor-top-column elementor-element elementor-element-e61e378\" data-id=\"e61e378\" data-element_type=\"column\" data-e-type=\"column\">\n\t\t\t<div class=\"elementor-widget-wrap elementor-element-populated\">\n\t\t\t\t\t\t<div class=\"elementor-element elementor-element-0643810 elementor-widget elementor-widget-text-editor\" data-id=\"0643810\" data-element_type=\"widget\" data-e-type=\"widget\" data-widget_type=\"text-editor.default\">\n\t\t\t\t<div class=\"elementor-widget-container\">\n\t\t\t\t\t\t\t\t\t<h2>Methodische Literatur<\/h2>\t\t\t\t\t\t\t\t<\/div>\n\t\t\t\t<\/div>\n\t\t\t\t\t<\/div>\n\t\t<\/div>\n\t\t\t\t\t<\/div>\n\t\t<\/section>\n\t\t\t\t<section class=\"elementor-section elementor-top-section elementor-element elementor-element-43b9cda elementor-section-boxed elementor-section-height-default elementor-section-height-default\" data-id=\"43b9cda\" data-element_type=\"section\" data-e-type=\"section\">\n\t\t\t\t\t\t<div class=\"elementor-container elementor-column-gap-default\">\n\t\t\t\t\t<div class=\"elementor-column elementor-col-100 elementor-top-column elementor-element elementor-element-1e3d3bc\" data-id=\"1e3d3bc\" data-element_type=\"column\" data-e-type=\"column\">\n\t\t\t<div class=\"elementor-widget-wrap elementor-element-populated\">\n\t\t\t\t\t\t<div class=\"elementor-element elementor-element-e26ee58 elementor-widget elementor-widget-text-editor\" data-id=\"e26ee58\" data-element_type=\"widget\" data-e-type=\"widget\" data-widget_type=\"text-editor.default\">\n\t\t\t\t<div class=\"elementor-widget-container\">\n\t\t\t\t\t\t\t\t\t<p><\/p>\n<p>Ames, Patricia, Vanessa Rojas und Tamia Portugal (2010): <em>M\u00e9todos para la investigaci\u00f3n con ni\u00f1os. Lecciones aprendidas, desaf\u00edos y propuestas desde la experiencia de Ni\u00f1os del Milenio en Per\u00fa.<\/em> Lima: Grupo de An\u00e1lisis para el Desarrollo (GRADE).<\/p>\n<p> <\/p>\n<p>Crivello, Gina, Laura Camfield und Martin Woodhead (2009): How can children tell us about their well-being? Exploring the potential of participatory approaches within the Young Lives Project. <i>Social Indicators Research<\/i>, 90 (1): 51<span style=\"font-family: Roboto, sans-serif; font-size: 14px; font-style: normal; font-variant-ligatures: normal; font-variant-caps: normal; font-weight: 400; color: var( --e-global-color-text );\">\u2013<\/span><span style=\"font-size: 14px; color: var( --e-global-color-text );\">72. DOI: <\/span><a style=\"font-size: 14px; background-color: #ffffff;\" href=\"https:\/\/doi.org\/10.1007\/s11205-008-9312-x\">https:\/\/doi.org\/10.1007\/s11205-008-9312-x<\/a><\/p>\n<p> <\/p>\n<p>Driessnack, Martha (2006): Draw-and-tell conversations with children about fear. <i>Qualitative Health Research<\/i>, 16 (10): 1414\u20131435. DOI: <a href=\"https:\/\/doi.org\/10.1177\/1049732306294127\">https:\/\/doi.org\/10.1177\/1049732306294127<\/a><\/p>\n<p> <\/p>\n<p>Einarsd\u00f3ttir, J\u00f3hanna (2007): Research with children: methodological and ethical challenges. <i>European Early Childhood Education Research Journal<\/i>, 15 (2): 197<span style=\"font-family: Roboto, sans-serif; font-size: 14px; font-style: normal; font-variant-ligatures: normal; font-variant-caps: normal; font-weight: 400; color: var( --e-global-color-text );\">\u2013<\/span><span style=\"font-size: 14px; color: var( --e-global-color-text );\">211. DOI: <\/span><a style=\"font-size: 14px; background-color: #ffffff;\" href=\"https:\/\/doi.org\/10.1080\/13502930701321477\">https:\/\/doi.org\/10.1080\/13502930701321477<\/a><\/p>\n<p> <\/p>\n<p>Hofmann, Annett (2021): Dibujo-Observaci\u00f3n-Voz. La discusi\u00f3n de una propuesta metodol\u00f3gica para investigaciones etnogr\u00e1ficas centradas en ni\u00f1os y ni\u00f1as. <i>Indiana,&nbsp;<\/i>38 (1). DOI: <a href=\"https:\/\/doi.org\/10.18441\/ind.v38i1.185-216\">https:\/\/doi.org\/10.18441\/ind.v38i1.185-216<\/a><\/p>\n<p> <\/p>\n<p>Hofmann, Annett (2020): Kindzentriert anthropologisch forschen. <i>Mitteilungen der Berliner Gesellschaft f\u00fcr Anthropologie, Ethnologie und Urgeschichte,<\/i> 41: 161<span style=\"font-family: Roboto, sans-serif; font-size: 14px; font-style: normal; font-variant-ligatures: normal; font-variant-caps: normal; font-weight: 400; color: var( --e-global-color-text );\">\u2013<\/span><span style=\"font-size: 14px; color: var( --e-global-color-text );\">170. DOI: <\/span><a style=\"font-size: 14px; background-color: #ffffff;\" href=\"https:\/\/doi.org\/10.30819\/mbgaeu.41.15\">https:\/\/doi.org\/10.30819\/mbgaeu.41.15<\/a><\/p>\n<p><\/p>\t\t\t\t\t\t\t\t<\/div>\n\t\t\t\t<\/div>\n\t\t\t\t\t<\/div>\n\t\t<\/div>\n\t\t\t\t\t<\/div>\n\t\t<\/section>\n\t\t\t\t<section class=\"elementor-section elementor-top-section elementor-element elementor-element-c407266 elementor-section-boxed elementor-section-height-default elementor-section-height-default\" data-id=\"c407266\" data-element_type=\"section\" data-e-type=\"section\">\n\t\t\t\t\t\t<div class=\"elementor-container elementor-column-gap-default\">\n\t\t\t\t\t<div class=\"elementor-column elementor-col-33 elementor-top-column elementor-element elementor-element-e7bc283\" data-id=\"e7bc283\" data-element_type=\"column\" data-e-type=\"column\">\n\t\t\t<div class=\"elementor-widget-wrap elementor-element-populated\">\n\t\t\t\t\t\t<div class=\"elementor-element elementor-element-ac2bf9a elementor-align-center elementor-widget elementor-widget-button\" data-id=\"ac2bf9a\" data-element_type=\"widget\" data-e-type=\"widget\" data-widget_type=\"button.default\">\n\t\t\t\t<div class=\"elementor-widget-container\">\n\t\t\t\t\t\t\t\t\t<div class=\"elementor-button-wrapper\">\n\t\t\t\t\t<a class=\"elementor-button elementor-button-link elementor-size-sm\" href=\"https:\/\/www.koinet.aegyptologie.uni-muenchen.de\/en\/r7-aus-aller-welt-der-kreativ-raum\/\">\n\t\t\t\t\t\t<span class=\"elementor-button-content-wrapper\">\n\t\t\t\t\t\t\t\t\t<span class=\"elementor-button-text\">Zum vorherigen Raum<\/span>\n\t\t\t\t\t<\/span>\n\t\t\t\t\t<\/a>\n\t\t\t\t<\/div>\n\t\t\t\t\t\t\t\t<\/div>\n\t\t\t\t<\/div>\n\t\t\t\t\t<\/div>\n\t\t<\/div>\n\t\t\t\t<div class=\"elementor-column elementor-col-33 elementor-top-column elementor-element elementor-element-52ff0c9\" data-id=\"52ff0c9\" data-element_type=\"column\" data-e-type=\"column\">\n\t\t\t<div class=\"elementor-widget-wrap elementor-element-populated\">\n\t\t\t\t\t\t<div class=\"elementor-element elementor-element-b2a85cb elementor-align-center elementor-widget elementor-widget-button\" data-id=\"b2a85cb\" data-element_type=\"widget\" data-e-type=\"widget\" data-widget_type=\"button.default\">\n\t\t\t\t<div class=\"elementor-widget-container\">\n\t\t\t\t\t\t\t\t\t<div class=\"elementor-button-wrapper\">\n\t\t\t\t\t<a class=\"elementor-button elementor-button-link elementor-size-sm\" href=\"https:\/\/www.koinet.aegyptologie.uni-muenchen.de\/en\/r1_willkommen\/\">\n\t\t\t\t\t\t<span class=\"elementor-button-content-wrapper\">\n\t\t\t\t\t\t\t\t\t<span class=\"elementor-button-text\">Zur \u00dcbersicht<\/span>\n\t\t\t\t\t<\/span>\n\t\t\t\t\t<\/a>\n\t\t\t\t<\/div>\n\t\t\t\t\t\t\t\t<\/div>\n\t\t\t\t<\/div>\n\t\t\t\t\t<\/div>\n\t\t<\/div>\n\t\t\t\t<div class=\"elementor-column elementor-col-33 elementor-top-column elementor-element elementor-element-470789f\" data-id=\"470789f\" data-element_type=\"column\" data-e-type=\"column\">\n\t\t\t<div class=\"elementor-widget-wrap elementor-element-populated\">\n\t\t\t\t\t\t<div class=\"elementor-element elementor-element-2d7b3ca elementor-align-center elementor-widget elementor-widget-button\" data-id=\"2d7b3ca\" data-element_type=\"widget\" data-e-type=\"widget\" data-widget_type=\"button.default\">\n\t\t\t\t<div class=\"elementor-widget-container\">\n\t\t\t\t\t\t\t\t\t<div class=\"elementor-button-wrapper\">\n\t\t\t\t\t<a class=\"elementor-button elementor-button-link elementor-size-sm\" href=\"https:\/\/www.koinet.aegyptologie.uni-muenchen.de\/en\/r2-hintergruende-zur-ausstellung\/\">\n\t\t\t\t\t\t<span class=\"elementor-button-content-wrapper\">\n\t\t\t\t\t\t\t\t\t<span class=\"elementor-button-text\">Zum n\u00e4chsten Raum<\/span>\n\t\t\t\t\t<\/span>\n\t\t\t\t\t<\/a>\n\t\t\t\t<\/div>\n\t\t\t\t\t\t\t\t<\/div>\n\t\t\t\t<\/div>\n\t\t\t\t\t<\/div>\n\t\t<\/div>\n\t\t\t\t\t<\/div>\n\t\t<\/section>\n\t\t\t\t<section class=\"elementor-section elementor-top-section elementor-element elementor-element-32b7544 elementor-section-boxed elementor-section-height-default elementor-section-height-default\" data-id=\"32b7544\" data-element_type=\"section\" data-e-type=\"section\">\n\t\t\t\t\t\t<div class=\"elementor-container elementor-column-gap-default\">\n\t\t\t\t\t<div class=\"elementor-column elementor-col-100 elementor-top-column elementor-element elementor-element-ad0d513\" data-id=\"ad0d513\" data-element_type=\"column\" data-e-type=\"column\">\n\t\t\t<div class=\"elementor-widget-wrap elementor-element-populated\">\n\t\t\t\t\t\t<div class=\"elementor-element elementor-element-0a1eda2 elementor-widget-divider--view-line elementor-widget elementor-widget-divider\" data-id=\"0a1eda2\" data-element_type=\"widget\" data-e-type=\"widget\" data-widget_type=\"divider.default\">\n\t\t\t\t<div class=\"elementor-widget-container\">\n\t\t\t\t\t\t\t<div class=\"elementor-divider\">\n\t\t\t<span class=\"elementor-divider-separator\">\n\t\t\t\t\t\t<\/span>\n\t\t<\/div>\n\t\t\t\t\t\t<\/div>\n\t\t\t\t<\/div>\n\t\t\t\t\t<\/div>\n\t\t<\/div>\n\t\t\t\t\t<\/div>\n\t\t<\/section>\n\t\t\t\t<section class=\"elementor-section elementor-top-section elementor-element elementor-element-b97f7df elementor-section-boxed elementor-section-height-default elementor-section-height-default\" data-id=\"b97f7df\" data-element_type=\"section\" data-e-type=\"section\">\n\t\t\t\t\t\t<div class=\"elementor-container elementor-column-gap-default\">\n\t\t\t\t\t<div class=\"elementor-column elementor-col-100 elementor-top-column elementor-element elementor-element-9f7878c\" data-id=\"9f7878c\" data-element_type=\"column\" data-e-type=\"column\">\n\t\t\t<div class=\"elementor-widget-wrap elementor-element-populated\">\n\t\t\t\t\t\t<div class=\"elementor-element elementor-element-5c4c34b elementor-view-default elementor-widget elementor-widget-icon\" data-id=\"5c4c34b\" data-element_type=\"widget\" data-e-type=\"widget\" data-widget_type=\"icon.default\">\n\t\t\t\t<div class=\"elementor-widget-container\">\n\t\t\t\t\t\t\t<div class=\"elementor-icon-wrapper\">\n\t\t\t<div class=\"elementor-icon\">\n\t\t\t<i aria-hidden=\"true\" class=\"fas fa-star\"><\/i>\t\t\t<\/div>\n\t\t<\/div>\n\t\t\t\t\t\t<\/div>\n\t\t\t\t<\/div>\n\t\t\t\t\t<\/div>\n\t\t<\/div>\n\t\t\t\t\t<\/div>\n\t\t<\/section>\n\t\t\t\t<section class=\"elementor-section elementor-top-section elementor-element elementor-element-00dac85 elementor-section-boxed elementor-section-height-default elementor-section-height-default\" data-id=\"00dac85\" data-element_type=\"section\" data-e-type=\"section\">\n\t\t\t\t\t\t<div class=\"elementor-container elementor-column-gap-default\">\n\t\t\t\t\t<div class=\"elementor-column elementor-col-100 elementor-top-column elementor-element elementor-element-891f62d\" data-id=\"891f62d\" data-element_type=\"column\" data-e-type=\"column\">\n\t\t\t<div class=\"elementor-widget-wrap elementor-element-populated\">\n\t\t\t\t\t\t<div class=\"elementor-element elementor-element-63d6003 elementor-widget elementor-widget-text-editor\" data-id=\"63d6003\" data-element_type=\"widget\" data-e-type=\"widget\" data-widget_type=\"text-editor.default\">\n\t\t\t\t<div class=\"elementor-widget-container\">\n\t\t\t\t\t\t\t\t\t<p style=\"text-align: center;\"><b>Habt Ihr Anregungen und Verbesserungsvorschl\u00e4ge? Hat etwas nicht euren Erwartungen entsprochen? Dann hinterlasst uns gern hier eine Nachricht.<br><\/b><\/p>\t\t\t\t\t\t\t\t<\/div>\n\t\t\t\t<\/div>\n\t\t\t\t\t<\/div>\n\t\t<\/div>\n\t\t\t\t\t<\/div>\n\t\t<\/section>\n\t\t\t\t<section class=\"elementor-section elementor-top-section elementor-element elementor-element-54084ae elementor-section-boxed elementor-section-height-default elementor-section-height-default\" data-id=\"54084ae\" data-element_type=\"section\" data-e-type=\"section\">\n\t\t\t\t\t\t<div class=\"elementor-container elementor-column-gap-default\">\n\t\t\t\t\t<div class=\"elementor-column elementor-col-100 elementor-top-column elementor-element elementor-element-d4bff91\" data-id=\"d4bff91\" data-element_type=\"column\" data-e-type=\"column\">\n\t\t\t<div class=\"elementor-widget-wrap elementor-element-populated\">\n\t\t\t\t\t\t<div class=\"elementor-element elementor-element-42531a2 elementor-widget elementor-widget-spacer\" data-id=\"42531a2\" data-element_type=\"widget\" data-e-type=\"widget\" data-widget_type=\"spacer.default\">\n\t\t\t\t<div class=\"elementor-widget-container\">\n\t\t\t\t\t\t\t<div class=\"elementor-spacer\">\n\t\t\t<div class=\"elementor-spacer-inner\"><\/div>\n\t\t<\/div>\n\t\t\t\t\t\t<\/div>\n\t\t\t\t<\/div>\n\t\t\t\t\t<\/div>\n\t\t<\/div>\n\t\t\t\t\t<\/div>\n\t\t<\/section>\n\t\t\t\t<\/div>","protected":false},"excerpt":{"rendered":"<p>Danksagungen und weiterf\u00fchrende Literatur Diese Ausstellung h\u00e4tte nicht ohne die Hilfe vieler stattfinden k\u00f6nnen. Wir danken herzlich in aller erster Linie den\u00a0M\u00e4dchen und Jungen der 4. bis 6. Klasse in der Cusco-Region Perus, die die hier pr\u00e4sentierten Zeichnungen anfertigten. Ein gro\u00dfer Dank geht auch an das KOINet-Team, das die Umsetzung der Online-Ausstellung erm\u00f6glichte. Ein ganz [&hellip;]<\/p>","protected":false},"author":2,"featured_media":0,"parent":0,"menu_order":0,"comment_status":"open","ping_status":"closed","template":"","meta":{"_eb_attr":"","ocean_post_layout":"","ocean_both_sidebars_style":"","ocean_both_sidebars_content_width":0,"ocean_both_sidebars_sidebars_width":0,"ocean_sidebar":"0","ocean_second_sidebar":"0","ocean_disable_margins":"enable","ocean_add_body_class":"","ocean_shortcode_before_top_bar":"","ocean_shortcode_after_top_bar":"","ocean_shortcode_before_header":"","ocean_shortcode_after_header":"","ocean_has_shortcode":"","ocean_shortcode_after_title":"","ocean_shortcode_before_footer_widgets":"","ocean_shortcode_after_footer_widgets":"","ocean_shortcode_before_footer_bottom":"","ocean_shortcode_after_footer_bottom":"","ocean_display_top_bar":"default","ocean_display_header":"default","ocean_header_style":"","ocean_center_header_left_menu":"0","ocean_custom_header_template":"0","ocean_custom_logo":0,"ocean_custom_retina_logo":0,"ocean_custom_logo_max_width":0,"ocean_custom_logo_tablet_max_width":0,"ocean_custom_logo_mobile_max_width":0,"ocean_custom_logo_max_height":0,"ocean_custom_logo_tablet_max_height":0,"ocean_custom_logo_mobile_max_height":0,"ocean_header_custom_menu":"0","ocean_menu_typo_font_family":"0","ocean_menu_typo_font_subset":"","ocean_menu_typo_font_size":0,"ocean_menu_typo_font_size_tablet":0,"ocean_menu_typo_font_size_mobile":0,"ocean_menu_typo_font_size_unit":"px","ocean_menu_typo_font_weight":"","ocean_menu_typo_font_weight_tablet":"","ocean_menu_typo_font_weight_mobile":"","ocean_menu_typo_transform":"","ocean_menu_typo_transform_tablet":"","ocean_menu_typo_transform_mobile":"","ocean_menu_typo_line_height":0,"ocean_menu_typo_line_height_tablet":0,"ocean_menu_typo_line_height_mobile":0,"ocean_menu_typo_line_height_unit":"","ocean_menu_typo_spacing":0,"ocean_menu_typo_spacing_tablet":0,"ocean_menu_typo_spacing_mobile":0,"ocean_menu_typo_spacing_unit":"","ocean_menu_link_color":"","ocean_menu_link_color_hover":"","ocean_menu_link_color_active":"","ocean_menu_link_background":"","ocean_menu_link_hover_background":"","ocean_menu_link_active_background":"","ocean_menu_social_links_bg":"","ocean_menu_social_hover_links_bg":"","ocean_menu_social_links_color":"","ocean_menu_social_hover_links_color":"","ocean_disable_title":"default","ocean_disable_heading":"default","ocean_post_title":"","ocean_post_subheading":"","ocean_post_title_style":"","ocean_post_title_background_color":"","ocean_post_title_background":0,"ocean_post_title_bg_image_position":"","ocean_post_title_bg_image_attachment":"","ocean_post_title_bg_image_repeat":"","ocean_post_title_bg_image_size":"","ocean_post_title_height":0,"ocean_post_title_bg_overlay":0.5,"ocean_post_title_bg_overlay_color":"","ocean_disable_breadcrumbs":"default","ocean_breadcrumbs_color":"","ocean_breadcrumbs_separator_color":"","ocean_breadcrumbs_links_color":"","ocean_breadcrumbs_links_hover_color":"","ocean_display_footer_widgets":"default","ocean_display_footer_bottom":"default","ocean_custom_footer_template":"0","footnotes":""},"class_list":["post-1613","page","type-page","status-publish","hentry","entry"],"_links":{"self":[{"href":"https:\/\/www.koinet.aegyptologie.uni-muenchen.de\/en\/wp-json\/wp\/v2\/pages\/1613","targetHints":{"allow":["GET"]}}],"collection":[{"href":"https:\/\/www.koinet.aegyptologie.uni-muenchen.de\/en\/wp-json\/wp\/v2\/pages"}],"about":[{"href":"https:\/\/www.koinet.aegyptologie.uni-muenchen.de\/en\/wp-json\/wp\/v2\/types\/page"}],"author":[{"embeddable":true,"href":"https:\/\/www.koinet.aegyptologie.uni-muenchen.de\/en\/wp-json\/wp\/v2\/users\/2"}],"replies":[{"embeddable":true,"href":"https:\/\/www.koinet.aegyptologie.uni-muenchen.de\/en\/wp-json\/wp\/v2\/comments?post=1613"}],"version-history":[{"count":65,"href":"https:\/\/www.koinet.aegyptologie.uni-muenchen.de\/en\/wp-json\/wp\/v2\/pages\/1613\/revisions"}],"predecessor-version":[{"id":2265,"href":"https:\/\/www.koinet.aegyptologie.uni-muenchen.de\/en\/wp-json\/wp\/v2\/pages\/1613\/revisions\/2265"}],"wp:attachment":[{"href":"https:\/\/www.koinet.aegyptologie.uni-muenchen.de\/en\/wp-json\/wp\/v2\/media?parent=1613"}],"curies":[{"name":"wp","href":"https:\/\/api.w.org\/{rel}","templated":true}]}}